{"id":1002,"date":"2023-05-14T08:26:15","date_gmt":"2023-05-14T06:26:15","guid":{"rendered":"https:\/\/stage-tapissier.com\/?page_id=1002"},"modified":"2023-05-14T08:28:26","modified_gmt":"2023-05-14T06:28:26","slug":"fauteuil-cocktail-2","status":"publish","type":"page","link":"https:\/\/stage-tapissier.com\/index.php\/fauteuil-cocktail-2\/","title":{"rendered":"Fauteuil cocktail"},"content":{"rendered":"\n<p><small>Stage de perfectionnement<\/small><\/p>\n\n\n\n<div class=\"wp-block-columns has-light-gray-background-color has-background is-layout-flex wp-container-core-columns-is-layout-9d6595d7 wp-block-columns-is-layout-flex\">\n<div class=\"wp-block-column is-layout-flow wp-block-column-is-layout-flow\" style=\"flex-basis:66.67%\">\n<figure class=\"wp-block-image size-full is-style-default\"><img decoding=\"async\" width=\"800\" height=\"280\" src=\"http:\/\/stage-tapissier.com\/wp-content\/uploads\/2022\/09\/cocktail.jpg\" alt=\"\" class=\"wp-image-815\" srcset=\"https:\/\/stage-tapissier.com\/wp-content\/uploads\/2022\/09\/cocktail.jpg 800w, https:\/\/stage-tapissier.com\/wp-content\/uploads\/2022\/09\/cocktail-300x105.jpg 300w, https:\/\/stage-tapissier.com\/wp-content\/uploads\/2022\/09\/cocktail-768x269.jpg 768w\" sizes=\"(max-width: 800px) 100vw, 800px\" \/><\/figure>\n\n\n\n<p>Ce stage s\u2019adresse aux personnes ayant d\u00e9j\u00e0 des bases en tapisserie d\u2019ameublement.<\/p>\n\n\n\n<p><strong>Module \u00abfauteuil cocktail \u00bb (technique moderne)<\/strong><\/p>\n\n\n\n<ul class=\"wp-block-list\">\n<li>Phases fr\u00e9quentes similaires : voir \u00ab initiation en technique contemporaine \u00bb<\/li>\n\n\n\n<li>Plusieurs possibilit\u00e9s se pr\u00e9sentent face \u00e0 un si\u00e8ge r\u00e9alis\u00e9 ant\u00e9rieurement en garniture suspendues : modification carcasse avec \u00e9l\u00e9vation structure assise ou \u00e9l\u00e9vation mousse-agglo ou garniture suspendue classique.<\/li>\n\n\n\n<li>Phases sp\u00e9cifiques au fauteuil cocktail:<\/li>\n<\/ul>\n\n\n\n<p>D\u00e9couverte et pratiques des diff\u00e9rentes possibilit\u00e9s de confectionner la garniture de l\u2019assise<\/p>\n\n\n\n<p>Garniture suspendue&nbsp;: Prise gabarit et confection d\u2019un jonc pour relier les ressorts en partie haute.<\/p>\n\n\n\n<p>Assise&nbsp;: pose tissu avec plate-bande<\/p>\n\n\n\n<p>Dossiers&nbsp;: sp\u00e9cificit\u00e9 des dossiers tr\u00e8s incurv\u00e9s et inclin\u00e9s.<\/p>\n\n\n\n<p>Pose tissu&nbsp;: pose pr\u00e9alable du tissu \/ trac\u00e9 \/ coupe et assemblages \/ couture machine \/ pose d\u00e9finitive.<\/p>\n\n\n\n<p>Anglesage, couture \u00e0 la main<\/p>\n\n\n\n<p>Possibilit\u00e9s d\u2019assemblage de diff\u00e9rents tissus.<\/p>\n\n\n\n<p>Finitions possibles: galon, clous d\u00e9coratifs, finition invisible<\/p>\n\n\n\n<p><strong>Le si\u00e8ge:<\/strong><br>Vous amenez votre si\u00e8ge apr\u00e8s validation du mod\u00e8le (envoi de photos).<br>Nous pouvons vous conseiller et effectuer des recherches (le bon coin\u2026) avec vous pour trouver un mod\u00e8le ad\u00e9quat.<\/p>\n\n\n\n<p>Un mod\u00e8le est propos\u00e9 par l\u2019atelier ad\u00e9quat \u00e0 l\u2019apprentissage , confortable et esth\u00e9tique.<\/p>\n\n\n\n<p><strong>Le tissu:<\/strong><br>Amenez votre tissu, cliquez ici pour consulter&nbsp;<a href=\"https:\/\/stage-tapissier.com\/index.php\/metrage-du-tissu\/\" target=\"_blank\" rel=\"noreferrer noopener\">la m\u00e9thode de calcul du m\u00e9trage tissu<\/a>&nbsp;(calepinage).<br>A votre \u00e9coute si vous rencontrez des difficult\u00e9s.<\/p>\n<\/div>\n\n\n\n<div class=\"wp-block-column is-layout-flow wp-block-column-is-layout-flow\" style=\"flex-basis:33.33%\">\n<div class=\"wp-block-buttons is-layout-flex wp-block-buttons-is-layout-flex\">\n<div class=\"wp-block-button has-custom-width wp-block-button__width-75 aligncenter is-style-fill\"><a class=\"wp-block-button__link has-white-color has-accent-background-color has-text-color has-background wp-element-button\" href=\"http:\/\/stage-tapissier.com\/wp-content\/uploads\/2022\/02\/bri4.jpg\" style=\"border-radius:15px\" target=\"_blank\" rel=\"noreferrer noopener\"><strong>Si\u00e8ges r\u00e9alis\u00e9s par les stagiaires<\/strong><\/a><\/div>\n<\/div>\n\n\n\n<p style=\"font-size:15px\"><b>Dur\u00e9e :<\/b> 5, 6 \u00e0 7 jours (Horaires\u00a0: 9h-18h avec pause d\u00e9jeuner vers 13h)<\/p>\n\n\n\n<p style=\"font-size:15px\"><strong>Lieu&nbsp;:<\/strong>&nbsp;10 Avenue Mo\u00efse Charras 30700 Uz\u00e8s<\/p>\n\n\n\n<p style=\"font-size:15px\"><b>Public :<\/b> Toute personne motiv\u00e9e <\/p>\n\n\n\n<p class=\"has-text-align-center\" style=\"font-size:17px\"><strong>TARIFS<\/strong><\/p>\n\n\n\n<p class=\"has-small-font-size\"><strong>Prise en charge individuelle (p\u00e9dagogique)&nbsp;: <\/strong>120 \u20ac \/ jour<\/p>\n\n\n\n<p class=\"has-small-font-size\">                                                              <strong>(fournitures)\u00a0<\/strong>: 80 \u00e0 150 \u20ac<\/p>\n\n\n\n<p class=\"has-small-font-size\"><strong>Prise en charge par un tiers&nbsp;:<\/strong> demande de devis<\/p>\n\n\n\n<p class=\"has-text-align-center\" style=\"font-size:17px\"><br><strong><strong>INSCRIPTION &#8211; SOUHAIT<\/strong><\/strong><\/p>\n\n\n\n<p style=\"font-size:14px\">Envoi&nbsp;&nbsp;<strong>formulaire d\u2019inscription et souhait &nbsp;de stage <\/strong>(obligatoire)<\/p>\n\n\n\n<p style=\"font-size:14px\">Suite \u00e0 notre confirmation de votre participation, envoi d\u2019un ch\u00e8que d\u2019acompte de 200 \u20ac \u00e0 l\u2019ordre d\u2019Ecole C\u2019 OFF Pro 10 avenue Mo\u00efse Charras 30700 Uz\u00e8s<\/p>\n\n\n\n<hr class=\"wp-block-separator has-css-opacity\"\/>\n\n\n\n<div class=\"wp-block-buttons alignfull is-layout-flex wp-block-buttons-is-layout-flex\">\n<div class=\"wp-block-button has-custom-width wp-block-button__width-100 has-custom-font-size is-style-fill\" style=\"font-size:15px\"><a class=\"wp-block-button__link wp-element-button\" href=\"http:\/\/stage-tapissier.com\/wp-content\/uploads\/2023\/02\/calendrier-maj.pdf\" style=\"border-radius:15px\" target=\"_blank\" rel=\"noreferrer noopener\"><strong>Calendrier des formations<\/strong><\/a><\/div>\n<\/div>\n\n\n\n<div class=\"wp-block-buttons is-layout-flex wp-block-buttons-is-layout-flex\">\n<div class=\"wp-block-button has-custom-width wp-block-button__width-100 has-custom-font-size\" style=\"font-size:15px\"><a class=\"wp-block-button__link wp-element-button\" href=\"https:\/\/stage-tapissier.com\/index.php\/inscription-aux-stages\/\" style=\"border-radius:15px\"><strong><strong>Formulaire d\u2019inscription et souhait&nbsp; de stage<\/strong><\/strong><\/a><\/div>\n<\/div>\n<\/div>\n<\/div>\n","protected":false},"excerpt":{"rendered":"<p>Stage de perfectionnement Ce stage s\u2019adresse aux personnes ayant d\u00e9j\u00e0 des bases en tapisserie d\u2019ameublement. Module \u00abfauteuil cocktail \u00bb (technique moderne) D\u00e9couverte et pratiques des [&#8230;]<\/p>\n","protected":false},"author":1,"featured_media":0,"parent":0,"menu_order":0,"comment_status":"closed","ping_status":"closed","template":"templates\/template-fullwidth.php","meta":{"footnotes":""},"class_list":["post-1002","page","type-page","status-publish","hentry"],"_links":{"self":[{"href":"https:\/\/stage-tapissier.com\/index.php\/wp-json\/wp\/v2\/pages\/1002","targetHints":{"allow":["GET"]}}],"collection":[{"href":"https:\/\/stage-tapissier.com\/index.php\/wp-json\/wp\/v2\/pages"}],"about":[{"href":"https:\/\/stage-tapissier.com\/index.php\/wp-json\/wp\/v2\/types\/page"}],"author":[{"embeddable":true,"href":"https:\/\/stage-tapissier.com\/index.php\/wp-json\/wp\/v2\/users\/1"}],"replies":[{"embeddable":true,"href":"https:\/\/stage-tapissier.com\/index.php\/wp-json\/wp\/v2\/comments?post=1002"}],"version-history":[{"count":2,"href":"https:\/\/stage-tapissier.com\/index.php\/wp-json\/wp\/v2\/pages\/1002\/revisions"}],"predecessor-version":[{"id":1004,"href":"https:\/\/stage-tapissier.com\/index.php\/wp-json\/wp\/v2\/pages\/1002\/revisions\/1004"}],"wp:attachment":[{"href":"https:\/\/stage-tapissier.com\/index.php\/wp-json\/wp\/v2\/media?parent=1002"}],"curies":[{"name":"wp","href":"https:\/\/api.w.org\/{rel}","templated":true}]}}