{"id":102,"date":"2022-01-22T16:38:31","date_gmt":"2022-01-22T15:38:31","guid":{"rendered":"https:\/\/tapissier.rayl.fr\/?page_id=102"},"modified":"2026-04-05T07:05:35","modified_gmt":"2026-04-05T05:05:35","slug":"bienvenue-en-2022","status":"publish","type":"page","link":"https:\/\/stage-tapissier.com\/","title":{"rendered":"Bienvenue en 2026"},"content":{"rendered":"<div class=\"wp-block-image is-style-default\">\n<figure class=\"aligncenter size-full is-resized\"><img decoding=\"async\" width=\"1894\" height=\"692\" src=\"http:\/\/stage-tapissier.com\/wp-content\/uploads\/2022\/01\/sl11.jpg\" alt=\"\" class=\"wp-image-244\" style=\"width:947px;height:346px\" srcset=\"https:\/\/stage-tapissier.com\/wp-content\/uploads\/2022\/01\/sl11.jpg 1894w, https:\/\/stage-tapissier.com\/wp-content\/uploads\/2022\/01\/sl11-300x110.jpg 300w, https:\/\/stage-tapissier.com\/wp-content\/uploads\/2022\/01\/sl11-1024x374.jpg 1024w, https:\/\/stage-tapissier.com\/wp-content\/uploads\/2022\/01\/sl11-768x281.jpg 768w, https:\/\/stage-tapissier.com\/wp-content\/uploads\/2022\/01\/sl11-1536x561.jpg 1536w, https:\/\/stage-tapissier.com\/wp-content\/uploads\/2022\/01\/sl11-1568x573.jpg 1568w\" sizes=\"(max-width: 1894px) 100vw, 1894px\" \/><\/figure>\n<\/div>\n\n\n<p class=\"has-text-align-left\" style=\"font-size:17px\">Tout d\u2019abord, veuillez excuser les absences ou retards de r\u00e9ponses \u00e0 vos demandes par emails et t\u00e9l\u00e9phones. N\u2019h\u00e9sitez pas \u00e0 relancer, surtout par email.<\/p>\n\n\n\n<p style=\"font-size:17px\"><strong><span class=\"underline\" style=\"text-decoration: underline\">Pour s&rsquo;inscrire \u00e0 un stage tapissier en 2026<\/span><\/strong><strong><span class=\"underline\" style=\"text-decoration: underline\">:<\/span><\/strong><br>&nbsp; &nbsp; &nbsp; &nbsp;<br>1. Veuillez remplir le&nbsp;<a href=\"https:\/\/stage-tapissier.com\/index.php\/inscription-aux-stages\/\" data-type=\"page\" data-id=\"585\">formulaire d&rsquo;inscription et souhait de stage&nbsp;<\/a><br>2. Vous trouverez le calendrier 2026 des stages dans le menu ci-dessus. Celui-ci n\u2019est pas exhaustif. D\u2019autres programmes et dates peuvent \u00eatre ajout\u00e9s en fonction des souhaits de stages.<br><br><span class=\"underline\" style=\"text-decoration: underline\">D\u00e8s \u00e0 pr\u00e9sent, 4 cas&nbsp;se pr\u00e9sentent :<\/span><br>&nbsp; &nbsp; &nbsp; &nbsp; &nbsp;<br><span class=\"underline\" style=\"text-decoration: underline\">1. Je suis d\u00e9butante (t) et je veux apprendre&nbsp;: suivre un stage d\u2019initiation&nbsp;:<\/span><\/p>\n\n\n\n<p style=\"font-size:17px\">&nbsp;&nbsp;&nbsp;&nbsp;&nbsp;* <em>Initiation en technique moderne style<\/em><br><em>&nbsp;&nbsp;&nbsp;&nbsp;&nbsp;* Initiation en technique moderne bridge<br>&nbsp;&nbsp;&nbsp;&nbsp;&nbsp;* Initiation en technique traditionnelle style (entretien t\u00e9l\u00e9phonique obligatoire avant inscription)<\/em><br><\/p>\n\n\n\n<p style=\"font-size:17px\">2. J<span style=\"text-decoration: underline\" class=\"underline\">e suis d\u00e9butante(t) et je souhaite restaurer mon si\u00e8ge<\/span><\/p>\n\n\n\n<p style=\"font-size:17px\"><em>Joindre une photo de son si\u00e8ge pour \u00eatre guid\u00e9 vers le stage appropri\u00e9.<\/em><\/p>\n\n\n\n<p style=\"font-size:17px\"><span style=\"text-decoration: underline\" class=\"underline\">3. Je suis exp\u00e9riment\u00e9e (\u00e9) et je souhaite suivre un stage de perfectionnement<\/span><\/p>\n\n\n\n<p style=\"font-size:17px\">Je d\u00e9cris mon exp\u00e9rience (avec photos des r\u00e9alisations avec mention&nbsp;: garniture <em>et (ou) pose tissu<br>J\u2019informe de mon souhait dans les stages propos\u00e9s<\/em><\/p>\n\n\n\n<p style=\"font-size:17px\"><span style=\"text-decoration: underline\" class=\"underline\">4. Je suis int\u00e9ress\u00e9e (\u00e9) par un stage : (tout public)<\/span><\/p>\n\n\n\n<p><strong>Depuis<\/strong> 2023, tous les organismes de formation doivent \u00eatre certifi\u00e9s \u00ab qualiopi \u00bb afin que les formations soient prisent en charge par le CPF et les OPCO. J\u2019avais alors, d\u00e9cid\u00e9 de ne pas poursuivre cette certification du fait des contraintes (co\u00fbt, r\u00e9currence de la demande, insignifiance de certaines demandes, administration d\u00e9mesur\u00e9e\u2026)&nbsp;:<\/p>\n\n\n\n<p><strong>Mais il est fort probable que ce soit possible tr\u00e8s prochainement gr\u00e2ce \u00e0 un portage entrepreneurial<\/strong><\/p>\n\n\n\n<ul class=\"wp-block-list\">\n<li>De ce fait, pas de possibilit\u00e9 de CPF \u00e0 ce jour , mais prochainement possible.<\/li>\n\n\n\n<li>Pour les artisans : possibilit\u00e9s de prise en charge par le FAFCEA. \u00ab&nbsp;Qualiopi&nbsp;\u00bb sera exig\u00e9e en juillet 2026. Les possibilit\u00e9s se poursuivront gr\u00e2ce au portage entrepreneurial.<\/li>\n\n\n\n<li>Plan de reconversion licenciement&nbsp;: Normalement les entreprises ne sont pas exigeantes sur le sujet.<\/li>\n\n\n\n<li>Pour les autres prises en charges, veuillez nous informer par email.<\/li>\n<\/ul>\n","protected":false},"excerpt":{"rendered":"<p>Tout d\u2019abord, veuillez excuser les absences ou retards de r\u00e9ponses \u00e0 vos demandes par emails et t\u00e9l\u00e9phones. N\u2019h\u00e9sitez pas \u00e0 relancer, surtout par email. Pour [&#8230;]<\/p>\n","protected":false},"author":1,"featured_media":0,"parent":0,"menu_order":0,"comment_status":"closed","ping_status":"closed","template":"templates\/template-fullwidth.php","meta":{"footnotes":""},"class_list":["post-102","page","type-page","status-publish","hentry"],"_links":{"self":[{"href":"https:\/\/stage-tapissier.com\/index.php\/wp-json\/wp\/v2\/pages\/102","targetHints":{"allow":["GET"]}}],"collection":[{"href":"https:\/\/stage-tapissier.com\/index.php\/wp-json\/wp\/v2\/pages"}],"about":[{"href":"https:\/\/stage-tapissier.com\/index.php\/wp-json\/wp\/v2\/types\/page"}],"author":[{"embeddable":true,"href":"https:\/\/stage-tapissier.com\/index.php\/wp-json\/wp\/v2\/users\/1"}],"replies":[{"embeddable":true,"href":"https:\/\/stage-tapissier.com\/index.php\/wp-json\/wp\/v2\/comments?post=102"}],"version-history":[{"count":20,"href":"https:\/\/stage-tapissier.com\/index.php\/wp-json\/wp\/v2\/pages\/102\/revisions"}],"predecessor-version":[{"id":1158,"href":"https:\/\/stage-tapissier.com\/index.php\/wp-json\/wp\/v2\/pages\/102\/revisions\/1158"}],"wp:attachment":[{"href":"https:\/\/stage-tapissier.com\/index.php\/wp-json\/wp\/v2\/media?parent=102"}],"curies":[{"name":"wp","href":"https:\/\/api.w.org\/{rel}","templated":true}]}}