{"id":316,"date":"2022-02-05T12:59:37","date_gmt":"2022-02-05T11:59:37","guid":{"rendered":"https:\/\/tapissier.rayl.fr\/?page_id=316"},"modified":"2024-02-03T15:47:39","modified_gmt":"2024-02-03T14:47:39","slug":"ou-sommes-nous","status":"publish","type":"page","link":"https:\/\/stage-tapissier.com\/index.php\/ou-sommes-nous\/","title":{"rendered":"O\u00f9 sommes-nous?"},"content":{"rendered":"\n<p><\/p>\n\n\n\n<figure class=\"wp-block-table alignfull has-medium-font-size\"><table class=\"has-black-color has-light-gray-background-color has-text-color has-background\"><tbody><tr><td class=\"has-text-align-center\" data-align=\"center\">Etienne Champenois<br>Artisan tapissier<br>Organisme de Formation<br>Stages Loisirs et Formation Professionnelle Tapissier en meubles<br><br>10 Avenue Mo\u00efse Charras<br>30700 Uz\u00e8s<br><br>TEL\u00a0: 04 66 22 72 80\u00a0\u00a0\u00a0 06 52 80 09 51<br>\u00a0<br>E-MAIL\u00a0: <a href=\"mailto:etienne@stage-tapissier.com\">etienne@stage-tapissier.com<\/a><\/td><td><center><iframe src=\"https:\/\/www.google.com\/maps\/embed?pb=!1m18!1m12!1m3!1d2869.6258174292743!2d4.4075673157723525!3d44.00846063740282!2m3!1f0!2f0!3f0!3m2!1i1024!2i768!4f13.1!3m3!1m2!1s0x12b5b55f00000001%3A0xe43dbe72d525469e!2s%C3%89cole%20C'OFF%20Pro!5e0!3m2!1sfr!2sfr!4v1644062750824!5m2!1sfr!2sfr\" width=\"600\" height=\"450\" style=\"border:0;\" allowfullscreen=\"\" loading=\"lazy\"><\/iframe><\/center><\/td><\/tr><\/tbody><\/table><\/figure>\n\n\n\n<p><strong><span style=\"text-decoration: underline\" class=\"underline\">Acc\u00e8s \u00e0 l&rsquo;atelier&nbsp; et stationnement v\u00e9hicules<\/span><\/strong><\/p>\n\n\n\n<p class=\"has-text-align-left has-light-gray-background-color has-background\">Vous ne trouverez pas le N\u00b0 10 sur GPS : en venant de l\u2019avenue de la Gare, tournez \u00e0 gauche sur l\u2019avenue Moise Charras,\u00a0vous longerez un parking avec containers sur votre gauche: l\u2019atelier donne sur ce parking :\u00a0<strong>portail vert<\/strong>. Stationnement v\u00e9hicules<strong>\u00a0:<\/strong>\u00a0Ce parking public est situ\u00e9 juste devant l\u2019atelier.<\/p>\n\n\n\n<p><strong><span style=\"text-decoration: underline\" class=\"underline\">O\u00f9 se restaurer<\/span><\/strong><\/p>\n\n\n\n<p class=\"has-black-color has-light-gray-background-color has-text-color has-background\">A Uz\u00e8s\u00a0: Des restaurants avec plat du jour ou restauration rapide sont situ\u00e9s \u00e0 500m de l\u2019atelier. Vous avez aussi la possibilit\u00e9 de d\u00e9jeuner sur place (vaisselle et micro-onde) ou de d\u00e9guster un repas cambodgien pr\u00e9par\u00e9 par mon \u00e9pouse quand celle-ci est pr\u00e9sente.<\/p>\n\n\n\n<p><strong>O<span style=\"text-decoration: underline\" class=\"underline\">\u00f9 se loger<\/span><\/strong><\/p>\n\n\n\n<p class=\"has-light-gray-background-color has-background\">Sur demande, envoi d\u2019un mail avec quelques possibilit\u00e9s d\u2019h\u00e9bergement en Uz\u00e8ge.<\/p>\n","protected":false},"excerpt":{"rendered":"<p>Etienne ChampenoisArtisan tapissierOrganisme de FormationStages Loisirs et Formation Professionnelle Tapissier en meubles 10 Avenue Mo\u00efse Charras30700 Uz\u00e8s TEL\u00a0: 04 66 22 72 80\u00a0\u00a0\u00a0 06 52 [&#8230;]<\/p>\n","protected":false},"author":1,"featured_media":0,"parent":0,"menu_order":0,"comment_status":"closed","ping_status":"closed","template":"","meta":{"footnotes":""},"class_list":["post-316","page","type-page","status-publish","hentry"],"_links":{"self":[{"href":"https:\/\/stage-tapissier.com\/index.php\/wp-json\/wp\/v2\/pages\/316","targetHints":{"allow":["GET"]}}],"collection":[{"href":"https:\/\/stage-tapissier.com\/index.php\/wp-json\/wp\/v2\/pages"}],"about":[{"href":"https:\/\/stage-tapissier.com\/index.php\/wp-json\/wp\/v2\/types\/page"}],"author":[{"embeddable":true,"href":"https:\/\/stage-tapissier.com\/index.php\/wp-json\/wp\/v2\/users\/1"}],"replies":[{"embeddable":true,"href":"https:\/\/stage-tapissier.com\/index.php\/wp-json\/wp\/v2\/comments?post=316"}],"version-history":[{"count":1,"href":"https:\/\/stage-tapissier.com\/index.php\/wp-json\/wp\/v2\/pages\/316\/revisions"}],"predecessor-version":[{"id":1064,"href":"https:\/\/stage-tapissier.com\/index.php\/wp-json\/wp\/v2\/pages\/316\/revisions\/1064"}],"wp:attachment":[{"href":"https:\/\/stage-tapissier.com\/index.php\/wp-json\/wp\/v2\/media?parent=316"}],"curies":[{"name":"wp","href":"https:\/\/api.w.org\/{rel}","templated":true}]}}