{"id":366,"date":"2022-02-05T14:22:04","date_gmt":"2022-02-05T13:22:04","guid":{"rendered":"https:\/\/tapissier.rayl.fr\/?page_id=366"},"modified":"2024-02-17T06:38:14","modified_gmt":"2024-02-17T05:38:14","slug":"stage-technique-moderne-style-vnew","status":"publish","type":"page","link":"https:\/\/stage-tapissier.com\/index.php\/stage-technique-moderne-style-vnew\/","title":{"rendered":"Stage technique moderne style"},"content":{"rendered":"\n<p>Stage d&rsquo;initiation<\/p>\n\n\n\n<div class=\"wp-block-columns has-light-gray-background-color has-background is-layout-flex wp-container-core-columns-is-layout-9d6595d7 wp-block-columns-is-layout-flex\">\n<div class=\"wp-block-column is-layout-flow wp-block-column-is-layout-flow\" style=\"flex-basis:66.67%\">\n<figure class=\"wp-block-image size-full\"><img decoding=\"async\" width=\"800\" height=\"280\" src=\"http:\/\/stage-tapissier.com\/wp-content\/uploads\/2022\/02\/stage-2.jpg\" alt=\"\" class=\"wp-image-372\" srcset=\"https:\/\/stage-tapissier.com\/wp-content\/uploads\/2022\/02\/stage-2.jpg 800w, https:\/\/stage-tapissier.com\/wp-content\/uploads\/2022\/02\/stage-2-300x105.jpg 300w, https:\/\/stage-tapissier.com\/wp-content\/uploads\/2022\/02\/stage-2-768x269.jpg 768w\" sizes=\"(max-width: 800px) 100vw, 800px\" \/><\/figure>\n\n\n\n<p style=\"font-size:18px\">Ce stage permet aux personnes de r\u00e9aliser les m\u00eames types de fauteuil de style que la technique traditionnelle avec des mat\u00e9riaux moderne (mousses) mais en temps beaucoup plus rapide. Le r\u00e9sultat esth\u00e9tique est similaire, le confort plus moelleux. Cette technique est plus simple et moins physique.<\/p>\n\n\n\n<p style=\"font-size:18px\">Ce stage s\u2019adresse plus particuli\u00e8rement aux personnes souhaitant&nbsp;:<\/p>\n\n\n\n<ul class=\"wp-block-list\">\n<li style=\"font-size:18px\">Travailler professionnellement<\/li>\n\n\n\n<li style=\"font-size:18px\">Obtenir un r\u00e9sultat plus rapide<\/li>\n\n\n\n<li style=\"font-size:18px\">Voir le meuble fait, int\u00e9ress\u00e9es par la d\u00e9co, le relooking, les tissus etc.<\/li>\n<\/ul>\n\n\n\n<div class=\"wp-block-buttons is-layout-flex wp-block-buttons-is-layout-flex\">\n<div class=\"wp-block-button is-style-fill\"><a class=\"wp-block-button__link has-accent-background-color has-background wp-element-button\" href=\"https:\/\/stage-tapissier.com\/index.php\/details-de-technique-moderne\/\" style=\"border-radius:15px\" target=\"_blank\" rel=\"noreferrer noopener\">Voir le programme d\u00e9taill\u00e9 de ce stage<\/a><\/div>\n<\/div>\n\n\n\n<p style=\"font-size:25px\"><strong>Organisation du stage&nbsp;:<\/strong><strong><\/strong><\/p>\n\n\n\n<p style=\"font-size:18px\">Vous prenez une chaise \u00e0 l\u2019atelier ou vous amenez votre si\u00e8ge<\/p>\n\n\n\n<p style=\"font-size:20px\"><strong><u>LE SIEGE<\/u><\/strong><\/p>\n\n\n\n<ol class=\"wp-block-list\" style=\"list-style-type:1\">\n<li>Vous pratiquerez sur une chaise neuve ou restaur\u00e9e disponible \u00e0 l\u2019atelier.<\/li>\n<\/ol>\n\n\n\n<p style=\"font-size:18px\">Les si\u00e8ges propos\u00e9s \u00e0 l\u2019atelier&nbsp;:<\/p>\n\n\n\n<ul class=\"wp-block-list\">\n<li><strong>Si\u00e8ges neufs&nbsp;:<\/strong><\/li>\n<\/ul>\n\n\n\n<p class=\"has-text-align-center\" style=\"font-size:15px\"><em><strong>communiquez nous votre r\u00e9f\u00e9rence choisie par mail<\/strong><\/em><\/p>\n\n\n\n<figure class=\"wp-block-gallery has-nested-images columns-default is-cropped wp-block-gallery-1 is-layout-flex wp-block-gallery-is-layout-flex\">\n<figure class=\"wp-block-image size-large is-style-default\"><img decoding=\"async\" width=\"400\" height=\"714\" data-id=\"717\" src=\"http:\/\/stage-tapissier.com\/wp-content\/uploads\/2022\/02\/1320-400x714-3.jpg\" alt=\"\" class=\"wp-image-717\" srcset=\"https:\/\/stage-tapissier.com\/wp-content\/uploads\/2022\/02\/1320-400x714-3.jpg 400w, https:\/\/stage-tapissier.com\/wp-content\/uploads\/2022\/02\/1320-400x714-3-168x300.jpg 168w\" sizes=\"(max-width: 400px) 100vw, 400px\" \/><figcaption class=\"wp-element-caption\">Chaise m\u00e9daillon &#8211; 1320<\/figcaption><\/figure>\n\n\n\n<figure class=\"wp-block-image size-large is-style-default\"><img decoding=\"async\" width=\"400\" height=\"585\" data-id=\"718\" src=\"http:\/\/stage-tapissier.com\/wp-content\/uploads\/2022\/02\/1327-400x585-3.png\" alt=\"\" class=\"wp-image-718\" srcset=\"https:\/\/stage-tapissier.com\/wp-content\/uploads\/2022\/02\/1327-400x585-3.png 400w, https:\/\/stage-tapissier.com\/wp-content\/uploads\/2022\/02\/1327-400x585-3-205x300.png 205w\" sizes=\"(max-width: 400px) 100vw, 400px\" \/><figcaption class=\"wp-element-caption\">Chaise m\u00e9daillon moderne &#8211; 1327<\/figcaption><\/figure>\n\n\n\n<figure class=\"wp-block-image size-large is-style-default\"><img decoding=\"async\" width=\"400\" height=\"618\" data-id=\"719\" src=\"http:\/\/stage-tapissier.com\/wp-content\/uploads\/2022\/02\/1335-400x618-3.jpg\" alt=\"\" class=\"wp-image-719\" srcset=\"https:\/\/stage-tapissier.com\/wp-content\/uploads\/2022\/02\/1335-400x618-3.jpg 400w, https:\/\/stage-tapissier.com\/wp-content\/uploads\/2022\/02\/1335-400x618-3-194x300.jpg 194w\" sizes=\"(max-width: 400px) 100vw, 400px\" \/><figcaption class=\"wp-element-caption\">Chaise Marie-Antoinette dos droit &#8211; 1335<\/figcaption><\/figure>\n<\/figure>\n\n\n\n<p style=\"font-size:18px\">Le mod\u00e8le id\u00e9al pour un apprentissage optimum est une chaise de style avec des courbes au contour de l&rsquo;assise et&nbsp; un dossier incurv\u00e9.<\/p>\n\n\n\n<p style=\"font-size:18px\">Peu de volume avec des difficult\u00e9s&nbsp;<\/p>\n\n\n\n<p style=\"font-size:18px\">C\u2019est une initiation <strong>niveau 3<\/strong>, (tabouret carr\u00e9&nbsp;: niveau 1 et chaise \u00e0 angles droits&nbsp;: niveau 2)<\/p>\n\n\n\n<p style=\"font-size:18px\">Il y a peu de mod\u00e8les du fait de ce choix, ainsi que le crit\u00e8re du co\u00fbt.<\/p>\n\n\n\n<ul class=\"wp-block-list\">\n<li><strong>Si\u00e8ges occasion&nbsp;:<\/strong><\/li>\n<\/ul>\n\n\n\n<p style=\"font-size:18px\">Si\u00e8ges sont d\u00e9j\u00e0 d\u00e9garnis et les carcasses sont contr\u00f4l\u00e9es, coll\u00e9es et r\u00e9par\u00e9es.<\/p>\n\n\n\n<p>2. Vous amenez votre si\u00e8ge :<\/p>\n\n\n\n<ul class=\"wp-block-list\">\n<li>Envoi de photos pour validation du mod\u00e8le. (N&rsquo;attendez pas le dernier moment !)<\/li>\n\n\n\n<li>Mod\u00e8le valid\u00e9\u00a0: d\u00e9garnissage des garnitures et tissu\u00a0(voir <a href=\"https:\/\/stage-tapissier.com\/index.php\/conseils-de-degarnissage\/\" data-type=\"page\" data-id=\"405\">Conseils d\u00e9garnissage<\/a>) r\u00e9-envoi de photos et expertise en commun des travaux \u00e0 r\u00e9aliser\u00a0:<\/li>\n<\/ul>\n\n\n\n<p style=\"font-size:18px\">En fonction des r\u00e9parations \u00e0 r\u00e9aliser, vous viendrez au cours du weekend pr\u00e9c\u00e9dent le stage, faire les r\u00e9parations avec moi (co\u00fbt en fonction du temps pass\u00e9). Si vous \u00eates g\u00e9ographiquement proches d\u2019Uz\u00e8s, d\u2019autres possibilit\u00e9s sont envisageables.<\/p>\n\n\n\n<p style=\"font-size:20px\"><strong><u>LE TISSU<\/u><\/strong><\/p>\n\n\n\n<ul class=\"wp-block-list\">\n<li><span style=\"text-decoration: underline\" class=\"underline\">Qualit\u00e9 :<\/span> Un tissu tiss\u00e9 serr\u00e9 est plus solide \/ le toucher du tissu vous informe de sa r\u00e9sistance \/ adaptation \u00e0 tous tissus.<\/li>\n<\/ul>\n\n\n\n<p style=\"font-size:15px\"><span style=\"text-decoration: underline\" class=\"underline\"><em>Motifs : les rayures, carreaux, sym\u00e9tries, cela demande plus d&rsquo;attention, pensez-y !<\/em><\/span><\/p>\n\n\n\n<ul class=\"wp-block-list\">\n<li><span style=\"text-decoration: underline\" class=\"underline\">Apporter son tissu&nbsp;:<\/span> Pour les chaises propos\u00e9s \u00e0 l\u2019atelier&nbsp;; le m\u00e9trage est de 1m en 140cm de large pour un tissu unis et faux unis est de 1.20m en 140cm de large pour les tissus \u00e0 motifs ou \u00e0 rayures.<\/li>\n<\/ul>\n\n\n\n<p style=\"font-size:15px\"><em>Pour les si\u00e8ges d\u2019occasion propos\u00e9s \u00e0 l\u2019atelier, le m\u00e9trage sera communiqu\u00e9 avec la liste des si\u00e8ges<\/em><\/p>\n\n\n\n<ul class=\"wp-block-list\">\n<li><span style=\"text-decoration: underline\" class=\"underline\">Tissus disponibles \u00e0 l\u2019atelier&nbsp;<\/span>: le choix est restreint, c\u2019est du d\u00e9pannage) Certains tissus sont gratuits, d\u2019autres payants.<\/li>\n<\/ul>\n\n\n\n<p style=\"font-size:20px\"><strong><u>LES FINITIONS<\/u><\/strong><\/p>\n\n\n\n<ul class=\"wp-block-list\">\n<li><strong>Bois apparent&nbsp;:<\/strong><\/li>\n<\/ul>\n\n\n\n<p style=\"font-size:18px\"><strong><em>C\u2019est un stage tapissier merci de simplifier cette \u00e9tape<\/em><\/strong><\/p>\n\n\n\n<p style=\"font-size:18px\">Les si\u00e8ges neufs sont en h\u00eatre. Vous pourrez r\u00e9aliser cette finition au cours des trois premi\u00e8res soir\u00e9es de stage. Cire et vernis seront \u00e0 disposition.<\/p>\n\n\n\n<p style=\"font-size:18px\">Les si\u00e8ges d\u2019occasion n\u00e9cessiteront peut \u00eatre une pr\u00e9paration avant de recevoir une finition.( probable pon\u00e7age manuel\u2026)<\/p>\n\n\n\n<ul class=\"wp-block-list\">\n<li><strong>Tissu&nbsp;:<\/strong><\/li>\n<\/ul>\n\n\n\n<p style=\"font-size:18px\">La pose tissu est pr\u00e9vue en finition avec un galon (la pose est rarement ex\u00e9cut\u00e9e en cours de stage mais elle vous sera enseign\u00e9e)<\/p>\n\n\n\n<p style=\"font-size:18px\">La finition avec pose de clous d\u00e9coratifs demande un travail plus cons\u00e9quent. Elle n\u2019est pas conseill\u00e9e sachant qu\u2019il est fort probable de ne pas pouvoir finir l\u2019ouvrage.<\/p>\n\n\n\n<p class=\"has-text-align-left\" style=\"font-size:20px\"><strong><u>SUPPORT DE STAGE<\/u><\/strong><\/p>\n\n\n\n<p style=\"font-size:18px\">Un tuto vous sera donn\u00e9 en d\u00e9but de stage.<\/p>\n\n\n\n<p class=\"has-text-align-left\" style=\"font-size:20px\"><strong><u>OUTILLAGE<\/u><\/strong><\/p>\n\n\n\n<ul class=\"wp-block-list\">\n<li>Un jeu d\u2019outils vous sera pr\u00eat\u00e9 pour la dur\u00e9e du stage.<\/li>\n\n\n\n<li><strong>Amenez une paire de ciseaux pour couper le tissu.<\/strong><\/li>\n<\/ul>\n\n\n\n<hr class=\"wp-block-separator has-css-opacity\"\/>\n<\/div>\n\n\n\n<div class=\"wp-block-column is-layout-flow wp-block-column-is-layout-flow\" style=\"flex-basis:33.33%\">\n<div class=\"wp-block-buttons is-layout-flex wp-block-buttons-is-layout-flex\">\n<div class=\"wp-block-button has-custom-width wp-block-button__width-75 aligncenter is-style-fill\"><a class=\"wp-block-button__link has-white-color has-accent-background-color has-text-color has-background wp-element-button\" href=\"http:\/\/stage-tapissier.com\/wp-content\/uploads\/2022\/02\/fi1.jpg\" style=\"border-radius:15px\" target=\"_blank\" rel=\"noreferrer noopener\"><strong>Si\u00e8ges r\u00e9alis\u00e9s par les stagiaires<\/strong><\/a><\/div>\n<\/div>\n\n\n\n<p style=\"font-size: 15px;\"><b>Dur\u00e9e :<\/b> 5 jours (Horaires : 9h-18h avec pause d\u00e9jeuner vers 13h)<\/p>\n<p style=\"font-size: 15px;\"><strong>Lieu :<\/strong> 10 Avenue Mo\u00efse Charras 30700 Uz\u00e8s<\/p>\n<p style=\"font-size: 15px;\"><b>Public :<\/b> Toute personne motiv\u00e9e<\/p>\n\n\n\n<p class=\"has-text-align-center\" style=\"font-size:17px\"><strong>TARIFS<\/strong><\/p>\n\n\n\n<p class=\"has-text-align-left\" style=\"font-size:15px\"><b>Prise en charge individuelle (p\u00e9dagogique + si\u00e8ge + fournitures)&nbsp;<\/b><\/p>\n\n\n\n<div class=\"wp-block-group\"><div class=\"wp-block-group__inner-container is-layout-flow wp-block-group-is-layout-flow\">\n<div class=\"wp-block-group\"><div class=\"wp-block-group__inner-container is-layout-constrained wp-block-group-is-layout-constrained\">\n<p class=\"has-text-align-left\" style=\"font-size:14px\">Si\u00e8ge neuf&nbsp;: 810 \u20ac&nbsp;&nbsp;(p\u00e9dagogique + si\u00e8ge + fournitures + tuto) <\/p>\n\n\n\n<p class=\"has-text-align-left\" style=\"font-size:14px\">Si\u00e8ge d\u2019occasion&nbsp;: tarif communiqu\u00e9 sur demandes en fonction des disponibilit\u00e9s(p\u00e9dagogique + si\u00e8ge + fournitures +<br>tuto)<\/p>\n\n\n\n<p class=\"has-text-align-left\" style=\"font-size:14px\">Si\u00e8ge amen\u00e9 par la stagiaire&nbsp;: 640 \u20ac (p\u00e9dagogique + fournitures + tuto)<\/p>\n\n\n\n<p class=\"has-text-align-left\" style=\"font-size:15px\"><strong> Prise en charge par un tiers&nbsp;: demande de devis<\/strong><\/p>\n<\/div><\/div>\n\n\n\n<p style=\"font-size:14px\">Si\u00e8ge neuf&nbsp;: 1100 \u20ac&nbsp;(p\u00e9dagogique + si\u00e8ge + fournitures + tuto)<\/p>\n\n\n\n<p class=\"has-text-align-left\" style=\"font-size:14px\">Si\u00e8ge d\u2019occasion&nbsp;: tarif communiqu\u00e9 sur demandes en fonction des disponibilit\u00e9s(p\u00e9dagogique + si\u00e8ge + fournitures +<br>tuto)<\/p>\n\n\n\n<p class=\"has-text-align-left\" style=\"font-size:14px\">Si\u00e8ge amen\u00e9 par la stagiaire&nbsp;: 900 \u20ac (p\u00e9dagogique + fournitures + tuto)<\/p>\n\n\n\n<p class=\"has-text-align-center\" style=\"font-size:17px\"><br><strong><strong>INSCRIPTION &#8211; SOUHAIT<\/strong><\/strong><\/p>\n\n\n\n<p style=\"font-size:14px\">Envoi&nbsp;&nbsp;<strong>formulaire d\u2019inscription et souhait &nbsp;de stage <\/strong>(obligatoire)<\/p>\n<\/div><\/div>\n\n\n\n<p style=\"font-size:14px\">Suite \u00e0 notre confirmation de votre participation, envoi d\u2019un ch\u00e8que d\u2019acompte de 200 \u20ac \u00e0 l\u2019ordre d\u2019Ecole C\u2019 OFF Pro 10 avenue Mo\u00efse Charras 30700 Uz\u00e8s<\/p>\n\n\n\n<hr class=\"wp-block-separator has-css-opacity\"\/>\n\n\n\n<div class=\"wp-block-buttons alignfull is-layout-flex wp-block-buttons-is-layout-flex\">\n<div class=\"wp-block-button has-custom-width wp-block-button__width-100 has-custom-font-size is-style-fill\" style=\"font-size:15px\"><a class=\"wp-block-button__link wp-element-button\" href=\"http:\/\/stage-tapissier.com\/wp-content\/uploads\/2023\/02\/calendrier-maj.pdf\" style=\"border-radius:15px\" target=\"_blank\" rel=\"noreferrer noopener\"><strong>Calendrier des formations<\/strong><\/a><\/div>\n<\/div>\n\n\n\n<div class=\"wp-block-buttons is-layout-flex wp-block-buttons-is-layout-flex\">\n<div class=\"wp-block-button has-custom-width wp-block-button__width-100 has-custom-font-size\" style=\"font-size:15px\"><a class=\"wp-block-button__link wp-element-button\" href=\"https:\/\/stage-tapissier.com\/index.php\/inscription-aux-stages\/\" style=\"border-radius:15px\"><strong><strong>Formulaire d\u2019inscription et souhait&nbsp; de stage<\/strong><\/strong><\/a><\/div>\n<\/div>\n<\/div>\n<\/div>\n","protected":false},"excerpt":{"rendered":"<p>Stage d&rsquo;initiation Ce stage permet aux personnes de r\u00e9aliser les m\u00eames types de fauteuil de style que la technique traditionnelle avec des mat\u00e9riaux moderne (mousses) [&#8230;]<\/p>\n","protected":false},"author":1,"featured_media":0,"parent":0,"menu_order":0,"comment_status":"closed","ping_status":"closed","template":"templates\/template-fullwidth.php","meta":{"footnotes":""},"class_list":["post-366","page","type-page","status-publish","hentry"],"_links":{"self":[{"href":"https:\/\/stage-tapissier.com\/index.php\/wp-json\/wp\/v2\/pages\/366","targetHints":{"allow":["GET"]}}],"collection":[{"href":"https:\/\/stage-tapissier.com\/index.php\/wp-json\/wp\/v2\/pages"}],"about":[{"href":"https:\/\/stage-tapissier.com\/index.php\/wp-json\/wp\/v2\/types\/page"}],"author":[{"embeddable":true,"href":"https:\/\/stage-tapissier.com\/index.php\/wp-json\/wp\/v2\/users\/1"}],"replies":[{"embeddable":true,"href":"https:\/\/stage-tapissier.com\/index.php\/wp-json\/wp\/v2\/comments?post=366"}],"version-history":[{"count":26,"href":"https:\/\/stage-tapissier.com\/index.php\/wp-json\/wp\/v2\/pages\/366\/revisions"}],"predecessor-version":[{"id":1089,"href":"https:\/\/stage-tapissier.com\/index.php\/wp-json\/wp\/v2\/pages\/366\/revisions\/1089"}],"wp:attachment":[{"href":"https:\/\/stage-tapissier.com\/index.php\/wp-json\/wp\/v2\/media?parent=366"}],"curies":[{"name":"wp","href":"https:\/\/api.w.org\/{rel}","templated":true}]}}