{"id":402,"date":"2022-02-05T15:10:40","date_gmt":"2022-02-05T14:10:40","guid":{"rendered":"https:\/\/tapissier.rayl.fr\/?page_id=402"},"modified":"2023-02-26T17:41:02","modified_gmt":"2023-02-26T16:41:02","slug":"ebenisterie-en-sieges","status":"publish","type":"page","link":"https:\/\/stage-tapissier.com\/index.php\/ebenisterie-en-sieges\/","title":{"rendered":"Eb\u00e9nisterie en si\u00e8ges"},"content":{"rendered":"\n<p><small>Module compl\u00e9mentaire<\/small><\/p>\n\n\n\n<div class=\"wp-block-columns has-light-gray-background-color has-background is-layout-flex wp-container-core-columns-is-layout-9d6595d7 wp-block-columns-is-layout-flex\">\n<div class=\"wp-block-column is-layout-flow wp-block-column-is-layout-flow\" style=\"flex-basis:66.67%\">\n<figure class=\"wp-block-image size-full\"><img decoding=\"async\" width=\"800\" height=\"280\" src=\"http:\/\/stage-tapissier.com\/wp-content\/uploads\/2022\/02\/stage-7.jpg\" alt=\"\" class=\"wp-image-403\" srcset=\"https:\/\/stage-tapissier.com\/wp-content\/uploads\/2022\/02\/stage-7.jpg 800w, https:\/\/stage-tapissier.com\/wp-content\/uploads\/2022\/02\/stage-7-300x105.jpg 300w, https:\/\/stage-tapissier.com\/wp-content\/uploads\/2022\/02\/stage-7-768x269.jpg 768w\" sizes=\"(max-width: 800px) 100vw, 800px\" \/><\/figure>\n\n\n\n<p style=\"font-size:15px\"><strong><u>But du stage&nbsp;<\/u><\/strong><br><br>Il est souhaitable que le tapissier en ameublement poss\u00e8de un minimum d\u2019ind\u00e9pendance pour la r\u00e9paration des carcasses. En effet, il est tr\u00e8s fr\u00e9quent que les futs (carcasses) n\u00e9cessitent des r\u00e9fections d\u2019ordres divers. C\u2019est au seul moment du d\u00e9garnissage complet du si\u00e8ge qu\u2019il est possible de tout contr\u00f4ler pour r\u00e9parer.<\/p>\n\n\n\n<p style=\"font-size:15px\">L\u2019objectif premier est de restaurer des si\u00e8ges, surtout la stabilit\u00e9 et le bon \u00e9tat du bois pour recevoir garniture et tissu (aussi cannage, paillage,\u2026.) La finition du bois peut \u00eatre abord\u00e9e mais elle sera secondaire dans cet apprentissage&nbsp;: la pr\u00e9paration peut \u00eatre longue (pon\u00e7age manuel\u2026.) ainsi que certaines finitions (surtout dans le cas de peintures)<\/p>\n\n\n\n<p style=\"font-size:15px\"><strong><u>Principe du stage<\/u><\/strong><\/p>\n\n\n\n<p style=\"font-size:15px\"><strong>Chaque stagiaire am\u00e8ne des carcasses de si\u00e8ges<\/strong>&nbsp;: Envoi de photos des si\u00e8ges avant d\u00e9garnissage.&nbsp;<\/p>\n\n\n\n<p style=\"font-size:15px\">Je vous contacterai au t\u00e9l\u00e9phone afin d\u2019estimer &nbsp;s\u2019il y a un travail d\u2019\u00e9b\u00e9nisterie int\u00e9ressant ou au contraire si le si\u00e8ge n\u2019est pas r\u00e9parable du fait d\u2019un endommagement trop important d\u00fb aux mangeurs de bois.&nbsp;&nbsp;&nbsp;&nbsp;&nbsp;<\/p>\n\n\n\n<p style=\"font-size:15px\">Dans les 2 cas, ce serait dommage de d\u00e9garnir un si\u00e8ge pour rien.<\/p>\n\n\n\n<p style=\"font-size:15px\">S\u2019il n\u2019y a pas de jeu dans les assemblages et que le si\u00e8ge est r\u00e9cent, ce n\u2019est pas \u00e9ligible. Choisissez plut\u00f4t des si\u00e8ges de style qui sont anciens.<\/p>\n\n\n\n<div class=\"wp-block-buttons is-layout-flex wp-block-buttons-is-layout-flex\">\n<div class=\"wp-block-button\"><a class=\"wp-block-button__link has-white-color has-accent-background-color has-text-color has-background wp-element-button\" href=\"https:\/\/stage-tapissier.com\/index.php\/conseils-de-degarnissage\/\" style=\"border-radius:15px\">Conseils de d\u00e9gardinssage<\/a><\/div>\n<\/div>\n\n\n\n<p style=\"font-size:15px\"><strong><span style=\"text-decoration: underline\" class=\"underline\">Si\u00e8ges qui ont besoin de r\u00e9parations&nbsp;:<\/span><\/strong><\/p>\n\n\n\n<ul class=\"wp-block-list\">\n<li>Evident quand vous remarquez du jeu au niveau des assemblages. Cela peut \u00eatre des si\u00e8ges en bois (uniquement), cann\u00e9s, paill\u00e9s, <span style=\"text-decoration: underline\" class=\"underline\">garnis et recouverts de tissu<\/span> &nbsp;(type de si\u00e8ge id\u00e9al pour votre apprentissage tapissier) voir le conseil d\u00e9garnissage en pi\u00e8ce jointe.<\/li>\n<\/ul>\n\n\n\n<ul class=\"wp-block-list\">\n<li>il y a d\u2019autres r\u00e9parations qui appara\u00eetront au moment du d\u00e9garnissage&nbsp;: \u00e9clats de bois, d\u00e9collage de bois rapport\u00e9s, manque de bois, parties endommag\u00e9es par l\u2019humidit\u00e9 ou par les mangeurs.<\/li>\n<\/ul>\n\n\n\n<ul class=\"wp-block-list\">\n<li>la pose ou r\u00e9paration des taquets est tr\u00e8s fr\u00e9quente (petites pi\u00e8ces de bois fix\u00e9es sur les montants des dossiers et accoudoirs des si\u00e8ges de style servant \u00e0 recevoir la fixation du tissu)<\/li>\n<\/ul>\n\n\n<div class=\"wp-block-image\">\n<figure class=\"aligncenter size-full is-resized\"><img decoding=\"async\" src=\"http:\/\/stage-tapissier.com\/wp-content\/uploads\/2022\/02\/Image5.jpg\" alt=\"\" class=\"wp-image-409\" width=\"171\" height=\"130\"\/><\/figure>\n<\/div>\n\n\n<p style=\"font-size:15px\"><span style=\"text-decoration: underline\" class=\"underline\"><strong>Si\u00e8ges qui sont garnis et recouverts de tissu:<\/strong><\/span><\/p>\n\n\n\n<ul class=\"wp-block-list\">\n<li>tabourets, chaises, fauteuils&nbsp;(<span style=\"text-decoration: underline\" class=\"underline\">c\u2019est bien de choisir aussi des mod\u00e8les conseill\u00e9s pour les stages d\u2019initiation afin de pouvoir r\u00e9it\u00e9rer les ouvrages appris en stage ou de les amener en stage \u00e0 partir du 2 eme semestre 2022<\/span>) ; les meubles plus importants demandent de l\u2019espace dans le transport et aussi \u00e0 l\u2019atelier donc c\u2019est \u00e0 \u00e9viter pour un premier stage.<\/li>\n<\/ul>\n\n\n\n<p style=\"font-size:15px\"><strong>Il est possible aussi d\u2019amener d\u2019autres objets en bois<\/strong> (coffre, boite, cadre, \u00e9tag\u00e8res, petit meuble, sculpture\u2026)<\/p>\n\n\n\n<p style=\"font-size:15px\">Il est pr\u00e9f\u00e9rable d\u2019amener le plus de pi\u00e8ces possible afin d\u2019\u00eatre bien occup\u00e9 pendant le stage.<\/p>\n\n\n\n<p style=\"font-size:15px\"><strong><span style=\"text-decoration: underline\" class=\"underline\">Outillage&nbsp;<\/span><\/strong><span style=\"text-decoration: underline\" class=\"underline\">:<\/span><\/p>\n\n\n\n<p style=\"font-size:15px\">Amenez une visseuse (ou \/ et) perceuse et scie sauteuse si vous en poss\u00e9der.<\/p>\n\n\n\n<p style=\"font-size:15px\"><span style=\"text-decoration: underline\" class=\"underline\"><strong>V\u00eatements<\/strong>&nbsp;:<\/span><\/p>\n\n\n\n<p style=\"font-size:15px\">Poussi\u00e8re, colle, produits&nbsp;: pr\u00e9voir en cons\u00e9quence&nbsp;!<\/p>\n\n\n\n<div class=\"wp-block-buttons is-layout-flex wp-block-buttons-is-layout-flex\">\n<div class=\"wp-block-button is-style-fill\"><a class=\"wp-block-button__link wp-element-button\" href=\"https:\/\/stage-tapissier.com\/index.php\/programme-ebenisterie-en-sieges\/\" style=\"border-radius:15px\" target=\"_blank\" rel=\"noreferrer noopener\"><strong>Programme d\u00e9taill\u00e9 du stage<\/strong><\/a><\/div>\n<\/div>\n\n\n\n<p class=\"has-small-font-size\"><strong><span style=\"text-decoration: underline\" class=\"underline\">Organisation des stages<\/span><\/strong><br>Les stages sont programm\u00e9s sur 3 jours.<\/p>\n\n\n\n<p class=\"has-small-font-size\">Si vous souhaitez apprendre, le minimum est de 2 jours.<\/p>\n\n\n\n<p class=\"has-small-font-size\">1 jour peut suffire si c\u2019est simplement pour pr\u00e9parer votre si\u00e8ge pour un stage d\u2019initiation<\/p>\n\n\n\n<p class=\"has-small-font-size\">Afin de pouvoir aussi profiter de l\u2019atelier, de l\u2019outillage et les conseils pour d\u00e9garnir les si\u00e8ges\u00a0(surtout pour les  d\u00e9butants) : ces temps d\u2019ouvrages ne seront pas comptabilis\u00e9s dans le co\u00fbt du stage du fait que cela implique peu l\u2019intervention du formateur.<\/p>\n\n\n\n<p class=\"has-small-font-size\">Pour les personnes (qui viennent de loin) qui suivent un stage d\u2019initiation avec un si\u00e8ge de<br>l\u2019atelier, des jours d\u2019\u00e9b\u00e9nisterie pourront \u00eatre programm\u00e9s en continuit\u00e9 du stage afin<br>qu\u2019elles puissent profiter des 2 stages sur un seul d\u00e9placement.<\/p>\n\n\n\n<p class=\"has-small-font-size\">Le nombre de participants est limit\u00e9 \u00e0 3 pour un formateur.<\/p>\n<\/div>\n\n\n\n<div class=\"wp-block-column is-layout-flow wp-block-column-is-layout-flow\" style=\"flex-basis:33.33%\">\n<div class=\"wp-block-buttons is-layout-flex wp-block-buttons-is-layout-flex\">\n<div class=\"wp-block-button aligncenter has-custom-width wp-block-button__width-75 is-style-fill\"><a class=\"wp-block-button__link has-white-color has-accent-background-color has-text-color has-background wp-element-button\" href=\"http:\/\/stage-tapissier.com\/wp-content\/uploads\/2022\/02\/bri4.jpg\" style=\"border-radius:15px\" target=\"_blank\" rel=\"noreferrer noopener\"><strong>Si\u00e8ges r\u00e9alis\u00e9s par les stagiaires<\/strong><\/a><\/div>\n<\/div>\n\n\n\n<p style=\"font-size:15px\"><b>Dur\u00e9e :<\/b> 1, 2 ou 3 jours  (Horaires\u00a0: 9h-18h avec pause d\u00e9jeuner)<br><b>Public :<\/b> Toute personne motiv\u00e9e <\/p>\n\n\n\n<p class=\"has-text-align-center\" style=\"font-size:17px\"><strong>TARIFS<\/strong><\/p>\n\n\n\n<p class=\"has-text-align-left\" style=\"font-size:15px\"><b>Prise en charge individuelle (p\u00e9dagogique + fournitures)\u00a0<\/b><\/p>\n\n\n\n<div class=\"wp-block-group\"><div class=\"wp-block-group__inner-container is-layout-flow wp-block-group-is-layout-flow\">\n<p class=\"has-text-align-left\" style=\"font-size:14px\">Par jour&nbsp;: 130 \u20ac&nbsp;&nbsp;(p\u00e9dagogique + fournitures )<\/p>\n<\/div><\/div>\n\n\n\n<p class=\"has-text-align-left\" style=\"font-size:15px\"><strong> Prise en charge par un tiers&nbsp;: demande de devis<\/strong><\/p>\n\n\n\n<p style=\"font-size:14px\">Par jour\u00a0: 230 \u20ac\u00a0(p\u00e9dagogique + fournitures)<\/p>\n\n\n\n<p class=\"has-text-align-center\" style=\"font-size:17px\"><br><strong><strong>INSCRIPTION &#8211; SOUHAIT<\/strong><\/strong><\/p>\n\n\n\n<p style=\"font-size:14px\">Envoi&nbsp;&nbsp;<strong>formulaire d\u2019inscription et souhait &nbsp;de stage <\/strong>(obligatoire)<\/p>\n\n\n\n<p style=\"font-size:14px\">Suite \u00e0 notre confirmation de votre participation, envoi d\u2019un ch\u00e8que d\u2019acompte de 100 \u20ac \u00e0 l\u2019ordre d\u2019Ecole C\u2019 OFF Pro 10 avenue Mo\u00efse Charras 30700 Uz\u00e8s<\/p>\n\n\n\n<hr class=\"wp-block-separator has-css-opacity\"\/>\n\n\n\n<div class=\"wp-block-buttons alignfull is-layout-flex wp-block-buttons-is-layout-flex\">\n<div class=\"wp-block-button has-custom-width wp-block-button__width-100 has-custom-font-size is-style-fill\" style=\"font-size:15px\"><a class=\"wp-block-button__link wp-element-button\" href=\"http:\/\/stage-tapissier.com\/wp-content\/uploads\/2023\/02\/calendrier-maj.pdf\" style=\"border-radius:15px\" target=\"_blank\" rel=\"noreferrer noopener\"><strong>Calendrier des formations<\/strong><\/a><\/div>\n<\/div>\n\n\n\n<div class=\"wp-block-buttons is-layout-flex wp-block-buttons-is-layout-flex\">\n<div class=\"wp-block-button has-custom-width wp-block-button__width-100 has-custom-font-size\" style=\"font-size:15px\"><a class=\"wp-block-button__link wp-element-button\" href=\"https:\/\/stage-tapissier.com\/index.php\/inscription-aux-stages\/\" style=\"border-radius:15px\"><strong><strong>Formulaire d\u2019inscription et souhait&nbsp; de stage<\/strong><\/strong><\/a><\/div>\n<\/div>\n<\/div>\n<\/div>\n","protected":false},"excerpt":{"rendered":"<p>Module compl\u00e9mentaire But du stage&nbsp; Il est souhaitable que le tapissier en ameublement poss\u00e8de un minimum d\u2019ind\u00e9pendance pour la r\u00e9paration des carcasses. En effet, il [&#8230;]<\/p>\n","protected":false},"author":1,"featured_media":0,"parent":0,"menu_order":0,"comment_status":"closed","ping_status":"closed","template":"templates\/template-fullwidth.php","meta":{"footnotes":""},"class_list":["post-402","page","type-page","status-publish","hentry"],"_links":{"self":[{"href":"https:\/\/stage-tapissier.com\/index.php\/wp-json\/wp\/v2\/pages\/402","targetHints":{"allow":["GET"]}}],"collection":[{"href":"https:\/\/stage-tapissier.com\/index.php\/wp-json\/wp\/v2\/pages"}],"about":[{"href":"https:\/\/stage-tapissier.com\/index.php\/wp-json\/wp\/v2\/types\/page"}],"author":[{"embeddable":true,"href":"https:\/\/stage-tapissier.com\/index.php\/wp-json\/wp\/v2\/users\/1"}],"replies":[{"embeddable":true,"href":"https:\/\/stage-tapissier.com\/index.php\/wp-json\/wp\/v2\/comments?post=402"}],"version-history":[{"count":18,"href":"https:\/\/stage-tapissier.com\/index.php\/wp-json\/wp\/v2\/pages\/402\/revisions"}],"predecessor-version":[{"id":935,"href":"https:\/\/stage-tapissier.com\/index.php\/wp-json\/wp\/v2\/pages\/402\/revisions\/935"}],"wp:attachment":[{"href":"https:\/\/stage-tapissier.com\/index.php\/wp-json\/wp\/v2\/media?parent=402"}],"curies":[{"name":"wp","href":"https:\/\/api.w.org\/{rel}","templated":true}]}}