{"id":452,"date":"2022-02-05T16:08:56","date_gmt":"2022-02-05T15:08:56","guid":{"rendered":"https:\/\/tapissier.rayl.fr\/?page_id=452"},"modified":"2023-02-10T22:08:31","modified_gmt":"2023-02-10T21:08:31","slug":"capitons","status":"publish","type":"page","link":"https:\/\/stage-tapissier.com\/index.php\/capitons\/","title":{"rendered":"Capitons"},"content":{"rendered":"\n<p><small>Module ind\u00e9pendant<\/small><\/p>\n\n\n\n<div class=\"wp-block-columns has-light-gray-background-color has-background is-layout-flex wp-container-core-columns-is-layout-9d6595d7 wp-block-columns-is-layout-flex\">\n<div class=\"wp-block-column is-layout-flow wp-block-column-is-layout-flow\" style=\"flex-basis:66.67%\">\n<figure class=\"wp-block-image size-full\"><img decoding=\"async\" width=\"800\" height=\"280\" src=\"http:\/\/stage-tapissier.com\/wp-content\/uploads\/2022\/02\/stage-6.jpg\" alt=\"\" class=\"wp-image-453\" srcset=\"https:\/\/stage-tapissier.com\/wp-content\/uploads\/2022\/02\/stage-6.jpg 800w, https:\/\/stage-tapissier.com\/wp-content\/uploads\/2022\/02\/stage-6-300x105.jpg 300w, https:\/\/stage-tapissier.com\/wp-content\/uploads\/2022\/02\/stage-6-768x269.jpg 768w\" sizes=\"(max-width: 800px) 100vw, 800px\" \/><\/figure>\n\n\n\n<p style=\"font-size:15px\"><strong>La garniture capitonn\u00e9e<\/strong><\/p>\n\n\n\n<p style=\"font-size:15px\">Autrefois, la garniture capitonn\u00e9e avait pour but d\u2019agr\u00e9menter les si\u00e8ges, elle devait avoir une bonne tenu pour les assises afin qu\u2019elles ne se d\u00e9forment pas.<br>Aujourd\u2019hui, elle est r\u00e9ellement devenue une d\u00e9coration li\u00e9e \u00e0 la mode ; le capiton est appliqu\u00e9 sur diff\u00e9rents supports autres que le si\u00e8ge.<\/p>\n\n\n\n<p style=\"font-size:15px\"><strong>Contenu du stage :<\/strong><\/p>\n\n\n\n<p style=\"font-size:15px\">R\u00e9alisation d\u2019un pouf capitonn\u00e9 en m\u00e9thode contemporaine (en losange): sanglage, pose toile forte, r\u00e9alisation cuvette avec profil\u00e9s, tra\u00e7age des positions des boutons, placer les fouets, calculs de l\u2019ampleur des capitons, coupe de la mousse (\u00e9vid\u00e9 \u00e0 l\u2019emporte pi\u00e8ce les emplacements de bouton), tra\u00e7age des capitons sur toile blanche, passage des fouets, r\u00e9alisation des plis, \u00e9tape identique avec le tissu.<br><br>Par la suite, vous pourrez appliquer les capitons \u00e0 diff\u00e9rents supports : t\u00eate de lit, partie murale, si\u00e8ges et autres objets d\u00e9coratifs.<\/p>\n\n\n\n<p style=\"font-size:15px\"><strong>Le tarif comprend :<\/strong><\/p>\n\n\n\n<ul class=\"wp-block-list\">\n<li>la mise \u00e0 disposition, durant le stage de l&rsquo;outillage<\/li>\n\n\n\n<li>l&rsquo;objet fini avec les fournitures (ne comprend pas les pieds)<\/li>\n\n\n\n<li>le tissu : mais attention le choix \u00e0 l&rsquo;atelier est limit\u00e9, vous pouvez aussi amener un coupon de votre choix (1 m x 1 m). \u00c9vitez les tissus a gros motifs, le r\u00e9sultat n&rsquo;est pas toujours satisfaisant.<\/li>\n<\/ul>\n<\/div>\n\n\n\n<div class=\"wp-block-column is-layout-flow wp-block-column-is-layout-flow\" style=\"flex-basis:33.33%\">\n<div class=\"wp-block-buttons is-layout-flex wp-block-buttons-is-layout-flex\">\n<div class=\"wp-block-button aligncenter has-custom-width wp-block-button__width-75 is-style-fill\"><a class=\"wp-block-button__link has-white-color has-accent-background-color has-text-color has-background wp-element-button\" href=\"https:\/\/stage-tapissier.com\/img\/content\/capi1.jpg\" style=\"border-radius:15px\" target=\"_blank\" rel=\"noreferrer noopener\"><strong>Si\u00e8ges r\u00e9alis\u00e9s par les stagiaires<\/strong><\/a><\/div>\n<\/div>\n\n\n\n<p style=\"font-size:15px\"><b>Dur\u00e9e :<\/b> 3 jours  (Horaires&nbsp;: 9h-18h avec pause d\u00e9jeuner)<br><b>Public :<\/b> Il n&rsquo;est pas n\u00e9cessaire d&rsquo;avoir des bases en tapisserie d&rsquo;ameublement pour participer \u00e0 ce stage.<\/p>\n\n\n\n<p class=\"has-text-align-center\" style=\"font-size:17px\"><strong>TARIFS<\/strong><\/p>\n\n\n\n<p class=\"has-text-align-left\" style=\"font-size:15px\"><b>Prise en charge individuelle (p\u00e9dagogique + si\u00e8ge + fournitures)&nbsp;<\/b><\/p>\n\n\n\n<div class=\"wp-block-group\"><div class=\"wp-block-group__inner-container is-layout-flow wp-block-group-is-layout-flow\">\n<p class=\"has-text-align-left\" style=\"font-size:14px\">370\u20ac&nbsp;<\/p>\n<\/div><\/div>\n\n\n\n<p class=\"has-text-align-left\" style=\"font-size:15px\"><strong> Prise en charge par un tiers&nbsp;: demande de devis<\/strong><\/p>\n\n\n\n<p style=\"font-size:14px\">456 \u20ac&nbsp;+ 70 \u20ac (fournitures)<\/p>\n\n\n\n<p class=\"has-text-align-center\" style=\"font-size:17px\"><br><strong><strong>INSCRIPTION &#8211; SOUHAIT<\/strong><\/strong><\/p>\n\n\n\n<p style=\"font-size:14px\">Envoi&nbsp;&nbsp;<strong>formulaire d\u2019inscription et souhait &nbsp;de stage <\/strong>(obligatoire)<\/p>\n\n\n\n<p style=\"font-size:14px\">Suite \u00e0 notre confirmation de votre participation, envoi d\u2019un ch\u00e8que d\u2019acompte de 100 \u20ac \u00e0 l\u2019ordre d\u2019Ecole C\u2019 OFF Pro 10 avenue Mo\u00efse Charras 30700 Uz\u00e8s<\/p>\n\n\n\n<hr class=\"wp-block-separator has-css-opacity\"\/>\n\n\n\n<div class=\"wp-block-buttons alignfull is-layout-flex wp-block-buttons-is-layout-flex\">\n<div class=\"wp-block-button has-custom-width wp-block-button__width-100 has-custom-font-size is-style-fill\" style=\"font-size:15px\"><a class=\"wp-block-button__link wp-element-button\" href=\"http:\/\/stage-tapissier.com\/wp-content\/uploads\/2023\/02\/calendrier-maj.pdf\" style=\"border-radius:15px\" target=\"_blank\" rel=\"noreferrer noopener\"><strong>Calendrier des formations<\/strong><\/a><\/div>\n<\/div>\n\n\n\n<div class=\"wp-block-buttons is-layout-flex wp-block-buttons-is-layout-flex\">\n<div class=\"wp-block-button has-custom-width wp-block-button__width-100 has-custom-font-size\" style=\"font-size:15px\"><a class=\"wp-block-button__link wp-element-button\" href=\"https:\/\/stage-tapissier.com\/index.php\/inscription-aux-stages\/\" style=\"border-radius:15px\"><strong><strong>Formulaire d\u2019inscription et souhait&nbsp; de stage<\/strong><\/strong><\/a><\/div>\n<\/div>\n<\/div>\n<\/div>\n\n\n\n<p><\/p>\n","protected":false},"excerpt":{"rendered":"<p>Module ind\u00e9pendant La garniture capitonn\u00e9e Autrefois, la garniture capitonn\u00e9e avait pour but d\u2019agr\u00e9menter les si\u00e8ges, elle devait avoir une bonne tenu pour les assises afin [&#8230;]<\/p>\n","protected":false},"author":1,"featured_media":0,"parent":0,"menu_order":0,"comment_status":"closed","ping_status":"closed","template":"templates\/template-fullwidth.php","meta":{"footnotes":""},"class_list":["post-452","page","type-page","status-publish","hentry"],"_links":{"self":[{"href":"https:\/\/stage-tapissier.com\/index.php\/wp-json\/wp\/v2\/pages\/452","targetHints":{"allow":["GET"]}}],"collection":[{"href":"https:\/\/stage-tapissier.com\/index.php\/wp-json\/wp\/v2\/pages"}],"about":[{"href":"https:\/\/stage-tapissier.com\/index.php\/wp-json\/wp\/v2\/types\/page"}],"author":[{"embeddable":true,"href":"https:\/\/stage-tapissier.com\/index.php\/wp-json\/wp\/v2\/users\/1"}],"replies":[{"embeddable":true,"href":"https:\/\/stage-tapissier.com\/index.php\/wp-json\/wp\/v2\/comments?post=452"}],"version-history":[{"count":6,"href":"https:\/\/stage-tapissier.com\/index.php\/wp-json\/wp\/v2\/pages\/452\/revisions"}],"predecessor-version":[{"id":872,"href":"https:\/\/stage-tapissier.com\/index.php\/wp-json\/wp\/v2\/pages\/452\/revisions\/872"}],"wp:attachment":[{"href":"https:\/\/stage-tapissier.com\/index.php\/wp-json\/wp\/v2\/media?parent=452"}],"curies":[{"name":"wp","href":"https:\/\/api.w.org\/{rel}","templated":true}]}}