{"id":51,"date":"2022-01-22T08:15:20","date_gmt":"2022-01-22T07:15:20","guid":{"rendered":"https:\/\/tapissier.rayl.fr\/?page_id=51"},"modified":"2022-06-17T09:53:17","modified_gmt":"2022-06-17T07:53:17","slug":"notre-atelier","status":"publish","type":"page","link":"https:\/\/stage-tapissier.com\/index.php\/notre-atelier\/","title":{"rendered":"Notre Atelier"},"content":{"rendered":"\n<p>Notre savoir-faire<\/p>\n\n\n\n<div class=\"wp-block-columns is-layout-flex wp-container-core-columns-is-layout-9d6595d7 wp-block-columns-is-layout-flex\">\n<div class=\"wp-block-column is-layout-flow wp-block-column-is-layout-flow\" style=\"flex-basis:200%\">\n<div class=\"wp-block-columns is-layout-flex wp-container-core-columns-is-layout-9d6595d7 wp-block-columns-is-layout-flex\">\n<div class=\"wp-block-column is-layout-flow wp-block-column-is-layout-flow\">\n<div class=\"wp-block-group has-light-gray-background-color has-background\"><div class=\"wp-block-group__inner-container is-layout-flow wp-block-group-is-layout-flow\">\n<p>Tout aussi int\u00e9ress\u00e9s par la tradition que par &nbsp;du contemporain nous prenons autant de soin \u00e0 restaurer un meuble, objets anciens qu&rsquo;\u00e0 confectionner un rideau contemporain ou \u00e0 concevoir, r\u00e9aliser un projet original.<\/p>\n\n\n\n<p>Pour vos projets de travaux et demandes de devis : envoyez-moi des photos des pi\u00e8ces \u00e0 restaurer par e-mail&nbsp;: <a href=\"mailto:etienne@stage-tapissier.com\" target=\"_blank\" rel=\"noreferrer noopener\">etienne@stage-tapissier.com<\/a><\/p>\n\n\n\n<p>Certain travaux r\u00e9alis\u00e9s peuvent \u00eatre confi\u00e9s&nbsp; \u00e0 mes collaborateurs artisans.<\/p>\n\n\n\n<p>Pour vos projets de :<\/p>\n\n\n\n<ul class=\"wp-block-list\"><li>Restauration de si\u00e8ges : structure bois, garnitures traditionnelles et contemporaines, pose tissu.<\/li><\/ul>\n\n\n\n<ul class=\"wp-block-list\"><li>Cannage<\/li><\/ul>\n\n\n\n<ul class=\"wp-block-list\"><li>D\u00e9coration g\u00e9n\u00e9rale, fabrication d\u2019objets, couture d&rsquo;ameublement, patine sur meubles et autres mati\u00e8res, d\u00e9cors multiples, \u00e9v\u00e8nementiels\u2026<\/li><\/ul>\n\n\n\n<p><em>Etienne Champenois<\/em><\/p>\n<\/div><\/div>\n<\/div>\n\n\n\n<div class=\"wp-block-column is-layout-flow wp-block-column-is-layout-flow\" style=\"flex-basis:500px\"><div class=\"wp-block-image\">\n<figure class=\"aligncenter size-full is-resized\"><a href=\"http:\/\/stage-tapissier.com\/wp-content\/uploads\/2022\/01\/atelier1-4.jpg\" target=\"_blank\" rel=\"noopener\"><img decoding=\"async\" src=\"http:\/\/stage-tapissier.com\/wp-content\/uploads\/2022\/01\/atelier1-4.jpg\" alt=\"\" class=\"wp-image-172\" width=\"319\" height=\"239\" srcset=\"https:\/\/stage-tapissier.com\/wp-content\/uploads\/2022\/01\/atelier1-4.jpg 650w, https:\/\/stage-tapissier.com\/wp-content\/uploads\/2022\/01\/atelier1-4-300x225.jpg 300w\" sizes=\"(max-width: 319px) 100vw, 319px\" \/><\/a><\/figure>\n<\/div>\n\n<div class=\"wp-block-image\">\n<figure class=\"aligncenter size-full is-resized\"><a href=\"http:\/\/stage-tapissier.com\/wp-content\/uploads\/2022\/01\/atelier2-2.jpg\" target=\"_blank\" rel=\"noopener\"><img decoding=\"async\" src=\"http:\/\/stage-tapissier.com\/wp-content\/uploads\/2022\/01\/atelier2-2.jpg\" alt=\"\" class=\"wp-image-173\" width=\"329\" height=\"246\" srcset=\"https:\/\/stage-tapissier.com\/wp-content\/uploads\/2022\/01\/atelier2-2.jpg 650w, https:\/\/stage-tapissier.com\/wp-content\/uploads\/2022\/01\/atelier2-2-300x225.jpg 300w\" sizes=\"(max-width: 329px) 100vw, 329px\" \/><\/a><\/figure>\n<\/div>\n\n<div class=\"wp-block-image\">\n<figure class=\"aligncenter size-full is-resized\"><a href=\"http:\/\/stage-tapissier.com\/wp-content\/uploads\/2022\/01\/atelier3-1.jpg\" target=\"_blank\" rel=\"noopener\"><img decoding=\"async\" src=\"http:\/\/stage-tapissier.com\/wp-content\/uploads\/2022\/01\/atelier3-1.jpg\" alt=\"\" class=\"wp-image-174\" width=\"329\" height=\"246\" srcset=\"https:\/\/stage-tapissier.com\/wp-content\/uploads\/2022\/01\/atelier3-1.jpg 650w, https:\/\/stage-tapissier.com\/wp-content\/uploads\/2022\/01\/atelier3-1-300x225.jpg 300w\" sizes=\"(max-width: 329px) 100vw, 329px\" \/><\/a><\/figure>\n<\/div>\n\n<div class=\"wp-block-image\">\n<figure class=\"aligncenter size-full is-resized\"><a href=\"http:\/\/stage-tapissier.com\/wp-content\/uploads\/2022\/01\/atelier4-2.jpg\" target=\"_blank\" rel=\"noopener\"><img decoding=\"async\" src=\"http:\/\/stage-tapissier.com\/wp-content\/uploads\/2022\/01\/atelier4-2.jpg\" alt=\"\" class=\"wp-image-175\" width=\"334\" height=\"250\" srcset=\"https:\/\/stage-tapissier.com\/wp-content\/uploads\/2022\/01\/atelier4-2.jpg 650w, https:\/\/stage-tapissier.com\/wp-content\/uploads\/2022\/01\/atelier4-2-300x225.jpg 300w\" sizes=\"(max-width: 334px) 100vw, 334px\" \/><\/a><\/figure>\n<\/div><\/div>\n<\/div>\n<\/div>\n<\/div>\n","protected":false},"excerpt":{"rendered":"<p>Notre savoir-faire Tout aussi int\u00e9ress\u00e9s par la tradition que par &nbsp;du contemporain nous prenons autant de soin \u00e0 restaurer un meuble, objets anciens qu&rsquo;\u00e0 confectionner [&#8230;]<\/p>\n","protected":false},"author":1,"featured_media":0,"parent":0,"menu_order":0,"comment_status":"closed","ping_status":"closed","template":"templates\/template-fullwidth.php","meta":{"footnotes":""},"class_list":["post-51","page","type-page","status-publish","hentry"],"_links":{"self":[{"href":"https:\/\/stage-tapissier.com\/index.php\/wp-json\/wp\/v2\/pages\/51","targetHints":{"allow":["GET"]}}],"collection":[{"href":"https:\/\/stage-tapissier.com\/index.php\/wp-json\/wp\/v2\/pages"}],"about":[{"href":"https:\/\/stage-tapissier.com\/index.php\/wp-json\/wp\/v2\/types\/page"}],"author":[{"embeddable":true,"href":"https:\/\/stage-tapissier.com\/index.php\/wp-json\/wp\/v2\/users\/1"}],"replies":[{"embeddable":true,"href":"https:\/\/stage-tapissier.com\/index.php\/wp-json\/wp\/v2\/comments?post=51"}],"version-history":[{"count":4,"href":"https:\/\/stage-tapissier.com\/index.php\/wp-json\/wp\/v2\/pages\/51\/revisions"}],"predecessor-version":[{"id":781,"href":"https:\/\/stage-tapissier.com\/index.php\/wp-json\/wp\/v2\/pages\/51\/revisions\/781"}],"wp:attachment":[{"href":"https:\/\/stage-tapissier.com\/index.php\/wp-json\/wp\/v2\/media?parent=51"}],"curies":[{"name":"wp","href":"https:\/\/api.w.org\/{rel}","templated":true}]}}