{"id":563,"date":"2022-02-05T21:51:52","date_gmt":"2022-02-05T20:51:52","guid":{"rendered":"https:\/\/stage-tapissier.com\/?page_id=563"},"modified":"2026-04-04T16:04:28","modified_gmt":"2026-04-04T14:04:28","slug":"formation-professionnelle","status":"publish","type":"page","link":"https:\/\/stage-tapissier.com\/index.php\/formation-professionnelle\/","title":{"rendered":"Formation professionnelle"},"content":{"rendered":"\n<p><strong>Si vous souhaitez vous former au m\u00e9tier de tapissier en ameublement, contactez-moi (<\/strong><a href=\"mailto:etienne@stage-tapissier.com\"><strong>etienne@stage-tapissier.com<\/strong><\/a><strong>&nbsp;&nbsp;&nbsp;&nbsp; 04 66 22 72 80&nbsp;&nbsp;&nbsp; 06 52&nbsp;800&nbsp;951) afin que je vous explique ma m\u00e9thode de vive voix . Ensuite, je pourrai vous proposer une formation ad\u00e9quate \u00e0 votre projet personnel.<\/strong><strong><\/strong><\/p>\n\n\n\n<p><strong>Depuis<\/strong>&nbsp;2023, tous les organismes de formation doivent \u00eatre certifi\u00e9s \u00ab qualiopi \u00bb afin que les formations soient prisent en charge par le CPF et les OPCO. J\u2019avais alors, d\u00e9cid\u00e9 de ne pas poursuivre cette certification du fait des contraintes (co\u00fbt, r\u00e9currence de la demande, insignifiance de certaines demandes, administration d\u00e9mesur\u00e9e\u2026)&nbsp;: <strong>mais il est fort probable que ce soit possible tr\u00e8s prochainement gr\u00e2ce \u00e0 un portage entrepreneurial<\/strong><\/p>\n\n\n\n<ul class=\"wp-block-list\">\n<li>De ce fait, pas de possibilit\u00e9 de CPF \u00e0 ce jour, mais prochainement possible.<\/li>\n\n\n\n<li>Pour les artisans : possibilit\u00e9s de prise en charge par le FAFCEA. \u00ab\u00a0Qualiopi\u00a0\u00bb sera exig\u00e9e en juillet 2026. Les possibilit\u00e9s se poursuivront gr\u00e2ce au portage entrepreneurial.<\/li>\n\n\n\n<li>Plan de reconversion licenciement\u00a0: Normalement les entreprises ne sont pas exigeantes sur le sujet.<\/li>\n\n\n\n<li>Pour les autres prises en charges, veuillez nous informer par email.<\/li>\n<\/ul>\n\n\n\n<p><\/p>\n\n\n\n<p><\/p>\n","protected":false},"excerpt":{"rendered":"<p>Si vous souhaitez vous former au m\u00e9tier de tapissier en ameublement, contactez-moi (etienne@stage-tapissier.com&nbsp;&nbsp;&nbsp;&nbsp; 04 66 22 72 80&nbsp;&nbsp;&nbsp; 06 52&nbsp;800&nbsp;951) afin que je vous explique [&#8230;]<\/p>\n","protected":false},"author":1,"featured_media":0,"parent":0,"menu_order":0,"comment_status":"closed","ping_status":"closed","template":"","meta":{"footnotes":""},"class_list":["post-563","page","type-page","status-publish","hentry"],"_links":{"self":[{"href":"https:\/\/stage-tapissier.com\/index.php\/wp-json\/wp\/v2\/pages\/563","targetHints":{"allow":["GET"]}}],"collection":[{"href":"https:\/\/stage-tapissier.com\/index.php\/wp-json\/wp\/v2\/pages"}],"about":[{"href":"https:\/\/stage-tapissier.com\/index.php\/wp-json\/wp\/v2\/types\/page"}],"author":[{"embeddable":true,"href":"https:\/\/stage-tapissier.com\/index.php\/wp-json\/wp\/v2\/users\/1"}],"replies":[{"embeddable":true,"href":"https:\/\/stage-tapissier.com\/index.php\/wp-json\/wp\/v2\/comments?post=563"}],"version-history":[{"count":4,"href":"https:\/\/stage-tapissier.com\/index.php\/wp-json\/wp\/v2\/pages\/563\/revisions"}],"predecessor-version":[{"id":1157,"href":"https:\/\/stage-tapissier.com\/index.php\/wp-json\/wp\/v2\/pages\/563\/revisions\/1157"}],"wp:attachment":[{"href":"https:\/\/stage-tapissier.com\/index.php\/wp-json\/wp\/v2\/media?parent=563"}],"curies":[{"name":"wp","href":"https:\/\/api.w.org\/{rel}","templated":true}]}}