{"id":964,"date":"2023-03-03T18:52:17","date_gmt":"2023-03-03T17:52:17","guid":{"rendered":"https:\/\/stage-tapissier.com\/?page_id=964"},"modified":"2023-03-03T18:52:34","modified_gmt":"2023-03-03T17:52:34","slug":"fauteuil-1930-vf","status":"publish","type":"page","link":"https:\/\/stage-tapissier.com\/index.php\/fauteuil-1930-vf\/","title":{"rendered":"Fauteuil 1930"},"content":{"rendered":"\n<p><small>Stage de perfectionnement<\/small><\/p>\n\n\n\n<div class=\"wp-block-columns has-light-gray-background-color has-background is-layout-flex wp-container-core-columns-is-layout-9d6595d7 wp-block-columns-is-layout-flex\">\n<div class=\"wp-block-column is-layout-flow wp-block-column-is-layout-flow\" style=\"flex-basis:66.67%\">\n<figure class=\"wp-block-image size-full is-style-default\"><img decoding=\"async\" width=\"800\" height=\"280\" src=\"https:\/\/stage-tapissier.com\/wp-content\/uploads\/2022\/02\/stage-3.jpg\" alt=\"\" class=\"wp-image-534\" srcset=\"https:\/\/stage-tapissier.com\/wp-content\/uploads\/2022\/02\/stage-3.jpg 800w, https:\/\/stage-tapissier.com\/wp-content\/uploads\/2022\/02\/stage-3-300x105.jpg 300w, https:\/\/stage-tapissier.com\/wp-content\/uploads\/2022\/02\/stage-3-768x269.jpg 768w\" sizes=\"(max-width: 800px) 100vw, 800px\" \/><\/figure>\n\n\n\n<p class=\"has-small-font-size\">Ce stage s\u2019adresse aux personnes ayant d\u00e9j\u00e0 des bases en tapisserie d\u2019ameublement.<br>Module \u00abfauteuil 1930 \u00bb (technique moderne)<\/p>\n\n\n\n<ul class=\"wp-block-list\">\n<li>Phases fr\u00e9quentes similaires : voir \u00ab initiation en technique contemporaine \u00bb<\/li>\n\n\n\n<li>Phases sp\u00e9cifiques au fauteuil 1930:<\/li>\n<\/ul>\n\n\n\n<ol class=\"wp-block-list\">\n<li>Modification carcasse pour adaptation \u00e0 la technique moderne<\/li>\n\n\n\n<li>Application diff\u00e9rente : pose ressort sur planche ; formes et volumes sp\u00e9cifiques des garnitures.<\/li>\n\n\n\n<li>Ma\u00eetrise des jonctions des garnitures \u00ab assise-dossier-joues \u00bb sans structure d\u2019\u00e9b\u00e9nisterie les facilitant.<\/li>\n\n\n\n<li>Chronologie invers\u00e9e de pose d\u00e9finitive de toiles sur certains cot\u00e9s des joues (pose tissu, puis toile blanche, puis toile forte)<\/li>\n\n\n\n<li>Anglesage, couture \u00e0 la main<\/li>\n\n\n\n<li>Possilit\u00e9s d\u2019assemblage de diff\u00e9rents tissus.<\/li>\n\n\n\n<li>Finitions possibles: galon, clous d\u00e9coratifs, finition invisible.<br><\/li>\n<\/ol>\n\n\n\n<p><strong>Le si\u00e8ge<\/strong><br>Vous amenez votre si\u00e8ge apr\u00e8s validation du mod\u00e8le (envoi de photos).<br>Nous pouvons vous conseiller et effectuer des recherches (le bon coin\u2026) avec vous pour trouver un mod\u00e8le ad\u00e9quat.<\/p>\n\n\n\n<p><strong>Le tissu<\/strong><br>Amenez votre tissu, cliquez ici pour consulter&nbsp;la m\u00e9thode de calcul du m\u00e9trage tissu&nbsp;(calepinage).<br>A votre \u00e9coute si vous rencontrez des difficult\u00e9s.<\/p>\n<\/div>\n\n\n\n<div class=\"wp-block-column is-layout-flow wp-block-column-is-layout-flow\" style=\"flex-basis:33.33%\">\n<div class=\"wp-block-buttons is-layout-flex wp-block-buttons-is-layout-flex\">\n<div class=\"wp-block-button aligncenter has-custom-width wp-block-button__width-75 is-style-fill\"><a class=\"wp-block-button__link has-white-color has-accent-background-color has-text-color has-background wp-element-button\" href=\"http:\/\/stage-tapissier.com\/wp-content\/uploads\/2022\/02\/bri4.jpg\" style=\"border-radius:15px\" target=\"_blank\" rel=\"noreferrer noopener\"><strong>Si\u00e8ges r\u00e9alis\u00e9s par les stagiaires<\/strong><\/a><\/div>\n<\/div>\n\n\n\n<p style=\"font-size:15px\"><b>Dur\u00e9e :<\/b> 6 \u00e0 7 jours (Horaires&nbsp;: 9h-18h avec pause d\u00e9jeuner vers 13h)<\/p>\n\n\n\n<p style=\"font-size:15px\"><strong>Lieu&nbsp;:<\/strong>&nbsp;10 Avenue Mo\u00efse Charras 30700 Uz\u00e8s<\/p>\n\n\n\n<p style=\"font-size:15px\"><b>Public :<\/b> Toute personne motiv\u00e9e <\/p>\n\n\n\n<p class=\"has-text-align-center\" style=\"font-size:17px\"><strong>TARIFS<\/strong><\/p>\n\n\n\n<p class=\"has-small-font-size\"><strong>Prise en charge individuelle (p\u00e9dagogique)&nbsp;: <\/strong>120 \u20ac \/ jour<\/p>\n\n\n\n<p class=\"has-small-font-size\"><strong>(fournitures)&nbsp;<\/strong>: 80 \u00e0 150 \u20ac<\/p>\n\n\n\n<p class=\"has-small-font-size\"><strong>Prise en charge par un tiers&nbsp;:<\/strong> demande de devis<\/p>\n\n\n\n<p class=\"has-text-align-center\" style=\"font-size:17px\"><br><strong><strong>INSCRIPTION &#8211; SOUHAIT<\/strong><\/strong><\/p>\n\n\n\n<p style=\"font-size:14px\">Envoi&nbsp;&nbsp;<strong>formulaire d\u2019inscription et souhait &nbsp;de stage <\/strong>(obligatoire)<\/p>\n\n\n\n<p style=\"font-size:14px\">Suite \u00e0 notre confirmation de votre participation, envoi d\u2019un ch\u00e8que d\u2019acompte de 100 \u20ac \u00e0 l\u2019ordre d\u2019Ecole C\u2019 OFF Pro 10 avenue Mo\u00efse Charras 30700 Uz\u00e8s<\/p>\n\n\n\n<hr class=\"wp-block-separator has-css-opacity\"\/>\n\n\n\n<div class=\"wp-block-buttons alignfull is-layout-flex wp-block-buttons-is-layout-flex\">\n<div class=\"wp-block-button has-custom-width wp-block-button__width-100 has-custom-font-size is-style-fill\" style=\"font-size:15px\"><a class=\"wp-block-button__link wp-element-button\" href=\"http:\/\/stage-tapissier.com\/wp-content\/uploads\/2023\/02\/calendrier-maj.pdf\" style=\"border-radius:15px\" target=\"_blank\" rel=\"noreferrer noopener\"><strong>Calendrier des formations<\/strong><\/a><\/div>\n<\/div>\n\n\n\n<div class=\"wp-block-buttons is-layout-flex wp-block-buttons-is-layout-flex\">\n<div class=\"wp-block-button has-custom-width wp-block-button__width-100 has-custom-font-size\" style=\"font-size:15px\"><a class=\"wp-block-button__link wp-element-button\" href=\"https:\/\/stage-tapissier.com\/index.php\/inscription-aux-stages\/\" style=\"border-radius:15px\"><strong><strong>Formulaire d\u2019inscription et souhait&nbsp; de stage<\/strong><\/strong><\/a><\/div>\n<\/div>\n<\/div>\n<\/div>\n","protected":false},"excerpt":{"rendered":"<p>Stage de perfectionnement Ce stage s\u2019adresse aux personnes ayant d\u00e9j\u00e0 des bases en tapisserie d\u2019ameublement.Module \u00abfauteuil 1930 \u00bb (technique moderne) Le si\u00e8geVous amenez votre si\u00e8ge [&#8230;]<\/p>\n","protected":false},"author":1,"featured_media":0,"parent":0,"menu_order":0,"comment_status":"closed","ping_status":"closed","template":"templates\/template-fullwidth.php","meta":{"footnotes":""},"class_list":["post-964","page","type-page","status-publish","hentry"],"_links":{"self":[{"href":"https:\/\/stage-tapissier.com\/index.php\/wp-json\/wp\/v2\/pages\/964","targetHints":{"allow":["GET"]}}],"collection":[{"href":"https:\/\/stage-tapissier.com\/index.php\/wp-json\/wp\/v2\/pages"}],"about":[{"href":"https:\/\/stage-tapissier.com\/index.php\/wp-json\/wp\/v2\/types\/page"}],"author":[{"embeddable":true,"href":"https:\/\/stage-tapissier.com\/index.php\/wp-json\/wp\/v2\/users\/1"}],"replies":[{"embeddable":true,"href":"https:\/\/stage-tapissier.com\/index.php\/wp-json\/wp\/v2\/comments?post=964"}],"version-history":[{"count":4,"href":"https:\/\/stage-tapissier.com\/index.php\/wp-json\/wp\/v2\/pages\/964\/revisions"}],"predecessor-version":[{"id":968,"href":"https:\/\/stage-tapissier.com\/index.php\/wp-json\/wp\/v2\/pages\/964\/revisions\/968"}],"wp:attachment":[{"href":"https:\/\/stage-tapissier.com\/index.php\/wp-json\/wp\/v2\/media?parent=964"}],"curies":[{"name":"wp","href":"https:\/\/api.w.org\/{rel}","templated":true}]}}