{"id":995,"date":"2023-05-14T08:13:33","date_gmt":"2023-05-14T06:13:33","guid":{"rendered":"https:\/\/stage-tapissier.com\/?page_id=995"},"modified":"2023-05-14T08:19:46","modified_gmt":"2023-05-14T06:19:46","slug":"fauteuil-crapaud-2","status":"publish","type":"page","link":"https:\/\/stage-tapissier.com\/index.php\/fauteuil-crapaud-2\/","title":{"rendered":"Fauteuil Crapaud"},"content":{"rendered":"\n<p><small>Stage de perfectionnement<\/small><\/p>\n\n\n\n<div class=\"wp-block-columns has-light-gray-background-color has-background is-layout-flex wp-container-core-columns-is-layout-9d6595d7 wp-block-columns-is-layout-flex\">\n<div class=\"wp-block-column is-layout-flow wp-block-column-is-layout-flow\" style=\"flex-basis:66.67%\">\n<figure class=\"wp-block-image size-full is-style-default\"><img decoding=\"async\" width=\"800\" height=\"280\" src=\"http:\/\/stage-tapissier.com\/wp-content\/uploads\/2022\/09\/crapaud.jpg\" alt=\"\" class=\"wp-image-812\" srcset=\"https:\/\/stage-tapissier.com\/wp-content\/uploads\/2022\/09\/crapaud.jpg 800w, https:\/\/stage-tapissier.com\/wp-content\/uploads\/2022\/09\/crapaud-300x105.jpg 300w, https:\/\/stage-tapissier.com\/wp-content\/uploads\/2022\/09\/crapaud-768x269.jpg 768w\" sizes=\"(max-width: 800px) 100vw, 800px\" \/><\/figure>\n\n\n\n<p><strong>Programme<\/strong><\/p>\n\n\n\n<p><strong>Comme pour tous les stages de perfectionnement, il est n\u00e9cessaire d\u2019avoir de la pratique sur des ouvrages courants. Ce si\u00e8ge est un des plus compliqu\u00e9 \u00e0 r\u00e9aliser. Si vous \u00eates int\u00e9ress\u00e9e, je vous donnerai des informations compl\u00e9mentaires.<\/strong><\/p>\n\n\n\n<p><strong>1-Garniture:<\/strong><\/p>\n\n\n\n<ul class=\"wp-block-list\">\n<li>Avant le stage : le si\u00e8ge sera donc correct au niveau des garnitures. L\u2019assise aura \u00e9t\u00e9 refaite si n\u00e9cessaire.<\/li>\n\n\n\n<li>En d\u00e9but de stage : l\u2019ensemble dos-accoudoirs pourra \u00eatre restaur\u00e9 avec une nouvelle mise en blanc.<\/li>\n<\/ul>\n\n\n\n<p><strong>2-Pose tissu :<\/strong><\/p>\n\n\n\n<ul class=\"wp-block-list\">\n<li>Prise de mesures pour calepinage et coupes du tissu.<\/li>\n\n\n\n<li>Pose tissu sur assise : pose habituelle avec certaines particularit\u00e9s (hauteur cons\u00e9quente de la garniture, nombreuses coupes au niveau des montants du dossier, plis en V sur la devanture).<\/li>\n\n\n\n<li>Pose tissu sur dossier et accoudoirs (int\u00e9rieur) :<br>&nbsp;&nbsp;&nbsp;\u00a4&nbsp;Mise en place provisoire du tissu pour rep\u00e9rage du bolduc, jonctions dossier-accoudoirs et dossier-assise.<br>&nbsp;&nbsp;&nbsp;\u00a4&nbsp;Couture \u00e0 la machine des diff\u00e9rentes pi\u00e8ces entre elles.<br>&nbsp;&nbsp;&nbsp;\u00a4&nbsp;Mise en place d\u00e9finitive de l\u2019ensemble : couture du bolduc sur la garniture ; appointage de l\u2019ensemble suivant une proc\u00e9dure pr\u00e9cise ; fixation d\u00e9finitive.<br>&nbsp;&nbsp;&nbsp;\u00a4&nbsp;Particularit\u00e9s : tension tissu sur dossier important et tr\u00e8s incurv\u00e9, plis sur crosses, application tissu en jonction avec assise.<\/li>\n\n\n\n<li>Pose tissu sur dossier et accoudoir (ext\u00e9rieur) :<br>&nbsp;&nbsp;&nbsp;\u00a4&nbsp;Pose de crin dans les espaces vides afin de rendre l\u2019aspect plus cossu et la pose tissu plus r\u00e9sistante.<br>&nbsp;&nbsp;&nbsp;\u00a4&nbsp;Mise en blanc<br>&nbsp;&nbsp;&nbsp;\u00a4&nbsp;Pose tissu finition invisible : couture \u00e0 la main au point cach\u00e9.<\/li>\n<\/ul>\n\n\n\n<p><strong>Le si\u00e8ge:<\/strong><br>Vous amenez votre si\u00e8ge apr\u00e8s validation du mod\u00e8le (envoi de photos).<br>Nous pouvons vous conseiller et effectuer des recherches (le bon coin\u2026) avec vous pour trouver un mod\u00e8le ad\u00e9quat.<\/p>\n\n\n\n<p><strong>Le tissu:<\/strong><br>Amenez votre tissu, cliquez ici pour consulter&nbsp;<a href=\"https:\/\/stage-tapissier.com\/index.php\/metrage-du-tissu\/\" target=\"_blank\" rel=\"noreferrer noopener\">la m\u00e9thode de calcul du m\u00e9trage tissu<\/a>&nbsp;(calepinage).<br>A votre \u00e9coute si vous rencontrez des difficult\u00e9s.<br>A titre indicatif : environ 3m \u00e0 3m50 en 140cm suivant le mod\u00e8le du si\u00e8ge et tissu choisi.<\/p>\n<\/div>\n\n\n\n<div class=\"wp-block-column is-layout-flow wp-block-column-is-layout-flow\" style=\"flex-basis:33.33%\">\n<div class=\"wp-block-buttons is-layout-flex wp-block-buttons-is-layout-flex\">\n<div class=\"wp-block-button has-custom-width wp-block-button__width-75 aligncenter is-style-fill\"><a class=\"wp-block-button__link has-white-color has-accent-background-color has-text-color has-background wp-element-button\" href=\"http:\/\/stage-tapissier.com\/wp-content\/uploads\/2022\/02\/bri4.jpg\" style=\"border-radius:15px\" target=\"_blank\" rel=\"noreferrer noopener\"><strong>Si\u00e8ges r\u00e9alis\u00e9s par les stagiaires<\/strong><\/a><\/div>\n<\/div>\n\n\n\n<p style=\"font-size:15px\"><b>Dur\u00e9e :<\/b> 5, 6 \u00e0 7 jours (Horaires&nbsp;: 9h-18h avec pause d\u00e9jeuner vers 13h)<\/p>\n\n\n\n<p style=\"font-size:15px\"><strong>Lieu&nbsp;:<\/strong>&nbsp;10 Avenue Mo\u00efse Charras 30700 Uz\u00e8s<\/p>\n\n\n\n<p style=\"font-size:15px\"><b>Public :<\/b> Toute personne motiv\u00e9e et exp\u00e9riment\u00e9e<\/p>\n\n\n\n<p class=\"has-text-align-center\" style=\"font-size:17px\"><strong>TARIFS<\/strong><\/p>\n\n\n\n<p class=\"has-small-font-size\"><strong>Prise en charge individuelle (p\u00e9dagogique)&nbsp;: <\/strong>120 \u20ac \/ jour<\/p>\n\n\n\n<p class=\"has-small-font-size\"><strong>                                                              (fournitures)&nbsp;<\/strong>: 80 \u00e0 150 \u20ac<\/p>\n\n\n\n<p class=\"has-small-font-size\"><strong>Prise en charge par un tiers&nbsp;:<\/strong> demande de devis<\/p>\n\n\n\n<p class=\"has-text-align-center\" style=\"font-size:17px\"><br><strong><strong>INSCRIPTION &#8211; SOUHAIT<\/strong><\/strong><\/p>\n\n\n\n<p style=\"font-size:14px\">Envoi&nbsp;&nbsp;<strong>formulaire d\u2019inscription et souhait &nbsp;de stage <\/strong>(obligatoire)<\/p>\n\n\n\n<p style=\"font-size:14px\">Suite \u00e0 notre confirmation de votre participation, envoi d\u2019un ch\u00e8que d\u2019acompte de 200 \u20ac \u00e0 l\u2019ordre d\u2019Ecole C\u2019 OFF Pro 10 avenue Mo\u00efse Charras 30700 Uz\u00e8s<\/p>\n\n\n\n<hr class=\"wp-block-separator has-css-opacity\"\/>\n\n\n\n<div class=\"wp-block-buttons alignfull is-layout-flex wp-block-buttons-is-layout-flex\">\n<div class=\"wp-block-button has-custom-width wp-block-button__width-100 has-custom-font-size is-style-fill\" style=\"font-size:15px\"><a class=\"wp-block-button__link wp-element-button\" href=\"http:\/\/stage-tapissier.com\/wp-content\/uploads\/2023\/02\/calendrier-maj.pdf\" style=\"border-radius:15px\" target=\"_blank\" rel=\"noreferrer noopener\"><strong>Calendrier des formations<\/strong><\/a><\/div>\n<\/div>\n\n\n\n<div class=\"wp-block-buttons is-layout-flex wp-block-buttons-is-layout-flex\">\n<div class=\"wp-block-button has-custom-width wp-block-button__width-100 has-custom-font-size\" style=\"font-size:15px\"><a class=\"wp-block-button__link wp-element-button\" href=\"https:\/\/stage-tapissier.com\/index.php\/inscription-aux-stages\/\" style=\"border-radius:15px\"><strong><strong>Formulaire d\u2019inscription et souhait&nbsp; de stage<\/strong><\/strong><\/a><\/div>\n<\/div>\n<\/div>\n<\/div>\n","protected":false},"excerpt":{"rendered":"<p>Stage de perfectionnement Programme Comme pour tous les stages de perfectionnement, il est n\u00e9cessaire d\u2019avoir de la pratique sur des ouvrages courants. Ce si\u00e8ge est [&#8230;]<\/p>\n","protected":false},"author":1,"featured_media":0,"parent":0,"menu_order":0,"comment_status":"closed","ping_status":"closed","template":"templates\/template-fullwidth.php","meta":{"footnotes":""},"class_list":["post-995","page","type-page","status-publish","hentry"],"_links":{"self":[{"href":"https:\/\/stage-tapissier.com\/index.php\/wp-json\/wp\/v2\/pages\/995","targetHints":{"allow":["GET"]}}],"collection":[{"href":"https:\/\/stage-tapissier.com\/index.php\/wp-json\/wp\/v2\/pages"}],"about":[{"href":"https:\/\/stage-tapissier.com\/index.php\/wp-json\/wp\/v2\/types\/page"}],"author":[{"embeddable":true,"href":"https:\/\/stage-tapissier.com\/index.php\/wp-json\/wp\/v2\/users\/1"}],"replies":[{"embeddable":true,"href":"https:\/\/stage-tapissier.com\/index.php\/wp-json\/wp\/v2\/comments?post=995"}],"version-history":[{"count":3,"href":"https:\/\/stage-tapissier.com\/index.php\/wp-json\/wp\/v2\/pages\/995\/revisions"}],"predecessor-version":[{"id":999,"href":"https:\/\/stage-tapissier.com\/index.php\/wp-json\/wp\/v2\/pages\/995\/revisions\/999"}],"wp:attachment":[{"href":"https:\/\/stage-tapissier.com\/index.php\/wp-json\/wp\/v2\/media?parent=995"}],"curies":[{"name":"wp","href":"https:\/\/api.w.org\/{rel}","templated":true}]}}